{"id":9145,"date":"2021-03-31T15:23:51","date_gmt":"2021-03-31T13:23:51","guid":{"rendered":"https:\/\/alletheorieboeken.be\/livraison\/"},"modified":"2021-04-12T16:05:20","modified_gmt":"2021-04-12T14:05:20","slug":"livraison","status":"publish","type":"page","link":"https:\/\/alletheorieboeken.be\/fr\/livraison\/","title":{"rendered":"Livraison"},"content":{"rendered":"<h2>Livraison rapide par DHL et PostNL<\/h2>\n<p>Vous recevrez le mat\u00e9riel d&#8217;\u00e9tude que vous achetez sur Alletheorieboeken.nl, chez vous, le jour ouvrable suivant. Si vous commandez avant 23h59 un samedi, vous recevrez votre livraison le lundi. Il se peut que le mat\u00e9riel d&#8217;\u00e9tude que vous avez s\u00e9lectionn\u00e9 ne soit pas en stock, mais vous pouvez le commander. Normalement, une date de livraison pr\u00e9vue est indiqu\u00e9e ici, afin que vous puissiez juger par vous-m\u00eame si vous souhaitez commander ou non le mat\u00e9riel.<\/p>\n<h2>Livraison \u00e0 domicile, au bureau ou retrait du colis<\/h2>\n<p>Pendant le processus de commande, vous pouvez choisir o\u00f9 vous souhaitez que le mat\u00e9riel d&#8217;\u00e9tude soit livr\u00e9. Vous pouvez \u00e9galement choisir de faire livrer le mat\u00e9riel d&#8217;\u00e9tude \u00e0 votre domicile \/ adresse de facturation ou \u00e0 une autre adresse. Si vous n&#8217;\u00eates pas l\u00e0, le livreur laissera une note dans votre bo\u00eete aux lettres. Le livreur proposera \u00e0 nouveau le colis le lendemain puis deux fois en soir\u00e9e. Vous pouvez \u00e9galement choisir de le r\u00e9cup\u00e9rer vous-m\u00eame. Vous pouvez r\u00e9cup\u00e9rer votre mat\u00e9riel d&#8217;\u00e9tude au Zeelandhaven 6, 3433 PL \u00e0 Nieuwegein (Pays-Bas), entre 9h et 22h.<\/p>\n<p>Vous recevrez un code Track &amp; Trace pour suivre votre commande.<\/p>\n<h2>Code en ligne<\/h2>\n<p><span style=\"font-weight: 400;\">Sur Alletheorieboeken.nl, nous proposons des codes en ligne qui vous donnent acc\u00e8s \u00e0 des environnements d&#8217;apprentissage en ligne et \u00e0 des examens de pratique en ligne. Apr\u00e8s v\u00e9rification de votre paiement par nos soins, le code en ligne sera envoy\u00e9 par mail \u00e0 l&#8217;adresse mail que vous avez saisie. Dans la plupart des cas, vous recevrez le mail avec le code en ligne en quelques minutes. Les codes en ligne avec acc\u00e8s \u00e0 l&#8217;environnement d&#8217;apprentissage et aux examens pratiques pour le permis de conduire tracteur et le permis bateau sont envoy\u00e9s par mail le jour ouvrable suivant. Certains codes en ligne sont \u00e9galement envoy\u00e9s par la poste. Le mode de livraison est indiqu\u00e9 sur la page produit-m\u00eame.<\/span><\/p>\n<h2>Questions concernant la livraison<\/h2>\n<p><strong>Quand vais-je recevoir l&#8217;article command\u00e9 ?<\/strong><br \/>\nSi vous commandez et r\u00e9glez un article avant 23h59, nous remettrons imm\u00e9diatement la commande au livreur. Vous recevrez g\u00e9n\u00e9ralement votre commande le lendemain chez vous. Si vous commandez avant 23h59 un samedi, votre commande sera livr\u00e9e le lundi.<\/p>\n<p><strong>Que se passe-t-il si je ne suis pas chez moi lors de la livraison ?<\/strong><br \/>\nSi votre commande ne rentre pas dans la bo\u00eete aux lettres et que vous n&#8217;\u00eates pas chez vous, le livreur vous laissera une note. Le colis sera \u00e0 nouveau propos\u00e9 le lendemain, puis deux fois en soir\u00e9e.<\/p>\n<p><strong>Qui livre les articles command\u00e9s ?<\/strong><br \/>\nDHL et PostNL s&#8217;occupent de la livraison de votre commande, aussi bien en bo\u00eete aux lettres qu&#8217;en colis.<\/p>\n<p><strong>Puis-je faire livrer l&#8217;article ailleurs ?<\/strong><br \/>\nBien s\u00fbr ! Si vous souhaitez que la commande soit livr\u00e9e ailleurs, vous pouvez l&#8217;indiquer lors du processus de commande. L&#8217;adresse de livraison ne doit pas n\u00e9cessairement \u00eatre l&#8217;adresse de facturation.<\/p>\n<p><strong>Puis-je \u00e9galement r\u00e9cup\u00e9rer l&#8217;article ?<\/strong><br \/>\nVous pouvez \u00e9galement r\u00e9cup\u00e9rer votre commande. L&#8217;adresse du comptoir de retrait d&#8217;Alletheorieboeken.nl est : Zeelandhaven 6, 3433 PL \u00e0 Nieuwegein (Pays-Bas). La collecte des commandes est possible de 9h00 \u00e0 22h00.<\/p>\n<p><strong>J&#8217;ai re\u00e7u un article diff\u00e9rent de l&#8217;article command\u00e9 !<\/strong><br \/>\nNaturellement, nos employ\u00e9s essaient de ne pas commettre d&#8217;erreurs lors de la livraison. Il se peut toutefois que vous receviez un article que vous n&#8217;avez pas command\u00e9. Si tel est le cas, veuillez nous contacter et nous vous enverrons le bon article !<\/p>\n<p>Je n&#8217;ai pas re\u00e7u de code d&#8217;acc\u00e8s<br \/>\nApr\u00e8s r\u00e9ception et traitement du paiement, vous recevrez le code d&#8217;acc\u00e8s par mail pour le mat\u00e9riel d&#8217;\u00e9tude en ligne. Vous n&#8217;avez pas re\u00e7u de mail ? V\u00e9rifiez si notre mail avec le code d&#8217;acc\u00e8s se trouve peut-\u00eatre dans le spam. Vous n&#8217;avez pas de message non plus dans le spam ? Veuillez alors nous contacter.<\/p>\n<p><strong>Quels sont les frais d&#8217;exp\u00e9dition ?<\/strong><br \/>\nLes commandes \u00e0 partir de 25 \u20ac sont exp\u00e9di\u00e9es gratuitement, sinon les frais de port sont de 2,45 \u20ac.<\/p>\n","protected":false},"excerpt":{"rendered":"<p>Livraison rapide par DHL et PostNL Vous recevrez le mat\u00e9riel d&#8217;\u00e9tude que vous achetez sur Alletheorieboeken.nl, chez vous, le jour ouvrable suivant. Si vous commandez avant 23h59 un samedi, vous<\/p>\n","protected":false},"author":3,"featured_media":0,"parent":0,"menu_order":16,"comment_status":"closed","ping_status":"closed","template":"","meta":{"_acf_changed":false,"inline_featured_image":false,"footnotes":""},"class_list":["post-9145","page","type-page","status-publish","hentry"],"acf":[],"yoast_head":"<!-- This site is optimized with the Yoast SEO plugin v26.6 - https:\/\/yoast.com\/wordpress\/plugins\/seo\/ -->\n<title>Livraison | Alletheorieboeken.be<\/title>\n<meta name=\"robots\" content=\"index, follow, max-snippet:-1, max-image-preview:large, max-video-preview:-1\" \/>\n<link rel=\"canonical\" href=\"https:\/\/alletheorieboeken.be\/fr\/livraison\/\" \/>\n<meta property=\"og:locale\" content=\"fr_FR\" \/>\n<meta property=\"og:type\" content=\"article\" \/>\n<meta property=\"og:title\" content=\"Livraison | Alletheorieboeken.be\" \/>\n<meta property=\"og:description\" content=\"Livraison rapide par DHL et PostNL Vous recevrez le mat\u00e9riel d&#8217;\u00e9tude que vous achetez sur Alletheorieboeken.nl, chez vous, le jour ouvrable suivant. Si vous commandez avant 23h59 un samedi, vous\" \/>\n<meta property=\"og:url\" content=\"https:\/\/alletheorieboeken.be\/fr\/livraison\/\" \/>\n<meta property=\"og:site_name\" content=\"Alletheorieboeken.be\" \/>\n<meta property=\"article:publisher\" content=\"https:\/\/nl-nl.facebook.com\/pages\/Alletheorieboekennl\/243542295657997\" \/>\n<meta property=\"article:modified_time\" content=\"2021-04-12T14:05:20+00:00\" \/>\n<meta name=\"twitter:card\" content=\"summary_large_image\" \/>\n<meta name=\"twitter:label1\" content=\"Dur\u00e9e de lecture estim\u00e9e\" \/>\n\t<meta name=\"twitter:data1\" content=\"3 minutes\" \/>\n<script type=\"application\/ld+json\" class=\"yoast-schema-graph\">{\"@context\":\"https:\/\/schema.org\",\"@graph\":[{\"@type\":\"WebPage\",\"@id\":\"https:\/\/alletheorieboeken.be\/fr\/livraison\/\",\"url\":\"https:\/\/alletheorieboeken.be\/fr\/livraison\/\",\"name\":\"Livraison | Alletheorieboeken.be\",\"isPartOf\":{\"@id\":\"https:\/\/alletheorieboeken.be\/fr\/#website\"},\"datePublished\":\"2021-03-31T13:23:51+00:00\",\"dateModified\":\"2021-04-12T14:05:20+00:00\",\"breadcrumb\":{\"@id\":\"https:\/\/alletheorieboeken.be\/fr\/livraison\/#breadcrumb\"},\"inLanguage\":\"fr-FR\",\"potentialAction\":[{\"@type\":\"ReadAction\",\"target\":[\"https:\/\/alletheorieboeken.be\/fr\/livraison\/\"]}]},{\"@type\":\"BreadcrumbList\",\"@id\":\"https:\/\/alletheorieboeken.be\/fr\/livraison\/#breadcrumb\",\"itemListElement\":[{\"@type\":\"ListItem\",\"position\":1,\"name\":\"Home\",\"item\":\"https:\/\/alletheorieboeken.be\/fr\/\"},{\"@type\":\"ListItem\",\"position\":2,\"name\":\"Livraison\"}]},{\"@type\":\"WebSite\",\"@id\":\"https:\/\/alletheorieboeken.be\/fr\/#website\",\"url\":\"https:\/\/alletheorieboeken.be\/fr\/\",\"name\":\"Alletheorieboeken.be\",\"description\":\"\",\"publisher\":{\"@id\":\"https:\/\/alletheorieboeken.be\/fr\/#organization\"},\"potentialAction\":[{\"@type\":\"SearchAction\",\"target\":{\"@type\":\"EntryPoint\",\"urlTemplate\":\"https:\/\/alletheorieboeken.be\/fr\/?s={search_term_string}\"},\"query-input\":{\"@type\":\"PropertyValueSpecification\",\"valueRequired\":true,\"valueName\":\"search_term_string\"}}],\"inLanguage\":\"fr-FR\"},{\"@type\":\"Organization\",\"@id\":\"https:\/\/alletheorieboeken.be\/fr\/#organization\",\"name\":\"alletheorieboeken.be\",\"url\":\"https:\/\/alletheorieboeken.be\/fr\/\",\"logo\":{\"@type\":\"ImageObject\",\"inLanguage\":\"fr-FR\",\"@id\":\"https:\/\/alletheorieboeken.be\/fr\/#\/schema\/logo\/image\/\",\"url\":\"https:\/\/alletheorieboeken.be\/wp-content\/uploads\/2021\/03\/ATB.be-logo-2020-ZB.svg\",\"contentUrl\":\"https:\/\/alletheorieboeken.be\/wp-content\/uploads\/2021\/03\/ATB.be-logo-2020-ZB.svg\",\"width\":1024,\"height\":1024,\"caption\":\"alletheorieboeken.be\"},\"image\":{\"@id\":\"https:\/\/alletheorieboeken.be\/fr\/#\/schema\/logo\/image\/\"},\"sameAs\":[\"https:\/\/nl-nl.facebook.com\/pages\/Alletheorieboekennl\/243542295657997\",\"https:\/\/www.instagram.com\/alletheorieboeken.nl\/\"]}]}<\/script>\n<!-- \/ Yoast SEO plugin. -->","yoast_head_json":{"title":"Livraison | Alletheorieboeken.be","robots":{"index":"index","follow":"follow","max-snippet":"max-snippet:-1","max-image-preview":"max-image-preview:large","max-video-preview":"max-video-preview:-1"},"canonical":"https:\/\/alletheorieboeken.be\/fr\/livraison\/","og_locale":"fr_FR","og_type":"article","og_title":"Livraison | Alletheorieboeken.be","og_description":"Livraison rapide par DHL et PostNL Vous recevrez le mat\u00e9riel d&#8217;\u00e9tude que vous achetez sur Alletheorieboeken.nl, chez vous, le jour ouvrable suivant. Si vous commandez avant 23h59 un samedi, vous","og_url":"https:\/\/alletheorieboeken.be\/fr\/livraison\/","og_site_name":"Alletheorieboeken.be","article_publisher":"https:\/\/nl-nl.facebook.com\/pages\/Alletheorieboekennl\/243542295657997","article_modified_time":"2021-04-12T14:05:20+00:00","twitter_card":"summary_large_image","twitter_misc":{"Dur\u00e9e de lecture estim\u00e9e":"3 minutes"},"schema":{"@context":"https:\/\/schema.org","@graph":[{"@type":"WebPage","@id":"https:\/\/alletheorieboeken.be\/fr\/livraison\/","url":"https:\/\/alletheorieboeken.be\/fr\/livraison\/","name":"Livraison | Alletheorieboeken.be","isPartOf":{"@id":"https:\/\/alletheorieboeken.be\/fr\/#website"},"datePublished":"2021-03-31T13:23:51+00:00","dateModified":"2021-04-12T14:05:20+00:00","breadcrumb":{"@id":"https:\/\/alletheorieboeken.be\/fr\/livraison\/#breadcrumb"},"inLanguage":"fr-FR","potentialAction":[{"@type":"ReadAction","target":["https:\/\/alletheorieboeken.be\/fr\/livraison\/"]}]},{"@type":"BreadcrumbList","@id":"https:\/\/alletheorieboeken.be\/fr\/livraison\/#breadcrumb","itemListElement":[{"@type":"ListItem","position":1,"name":"Home","item":"https:\/\/alletheorieboeken.be\/fr\/"},{"@type":"ListItem","position":2,"name":"Livraison"}]},{"@type":"WebSite","@id":"https:\/\/alletheorieboeken.be\/fr\/#website","url":"https:\/\/alletheorieboeken.be\/fr\/","name":"Alletheorieboeken.be","description":"","publisher":{"@id":"https:\/\/alletheorieboeken.be\/fr\/#organization"},"potentialAction":[{"@type":"SearchAction","target":{"@type":"EntryPoint","urlTemplate":"https:\/\/alletheorieboeken.be\/fr\/?s={search_term_string}"},"query-input":{"@type":"PropertyValueSpecification","valueRequired":true,"valueName":"search_term_string"}}],"inLanguage":"fr-FR"},{"@type":"Organization","@id":"https:\/\/alletheorieboeken.be\/fr\/#organization","name":"alletheorieboeken.be","url":"https:\/\/alletheorieboeken.be\/fr\/","logo":{"@type":"ImageObject","inLanguage":"fr-FR","@id":"https:\/\/alletheorieboeken.be\/fr\/#\/schema\/logo\/image\/","url":"https:\/\/alletheorieboeken.be\/wp-content\/uploads\/2021\/03\/ATB.be-logo-2020-ZB.svg","contentUrl":"https:\/\/alletheorieboeken.be\/wp-content\/uploads\/2021\/03\/ATB.be-logo-2020-ZB.svg","width":1024,"height":1024,"caption":"alletheorieboeken.be"},"image":{"@id":"https:\/\/alletheorieboeken.be\/fr\/#\/schema\/logo\/image\/"},"sameAs":["https:\/\/nl-nl.facebook.com\/pages\/Alletheorieboekennl\/243542295657997","https:\/\/www.instagram.com\/alletheorieboeken.nl\/"]}]}},"_links":{"self":[{"href":"https:\/\/alletheorieboeken.be\/fr\/wp-json\/wp\/v2\/pages\/9145","targetHints":{"allow":["GET"]}}],"collection":[{"href":"https:\/\/alletheorieboeken.be\/fr\/wp-json\/wp\/v2\/pages"}],"about":[{"href":"https:\/\/alletheorieboeken.be\/fr\/wp-json\/wp\/v2\/types\/page"}],"author":[{"embeddable":true,"href":"https:\/\/alletheorieboeken.be\/fr\/wp-json\/wp\/v2\/users\/3"}],"replies":[{"embeddable":true,"href":"https:\/\/alletheorieboeken.be\/fr\/wp-json\/wp\/v2\/comments?post=9145"}],"version-history":[{"count":0,"href":"https:\/\/alletheorieboeken.be\/fr\/wp-json\/wp\/v2\/pages\/9145\/revisions"}],"wp:attachment":[{"href":"https:\/\/alletheorieboeken.be\/fr\/wp-json\/wp\/v2\/media?parent=9145"}],"curies":[{"name":"wp","href":"https:\/\/api.w.org\/{rel}","templated":true}]}}