{"id":9159,"date":"2021-03-31T16:49:33","date_gmt":"2021-03-31T14:49:33","guid":{"rendered":"https:\/\/alletheorieboeken.be\/retours\/"},"modified":"2021-04-12T16:42:47","modified_gmt":"2021-04-12T14:42:47","slug":"retours","status":"publish","type":"page","link":"https:\/\/alletheorieboeken.be\/fr\/retours\/","title":{"rendered":"Retours"},"content":{"rendered":"<p>Nous pensons qu&#8217;il est important que vous soyez satisfait de nos produits. Il est bien entendu possible que vous receviez un produit qui ne r\u00e9pond pas \u00e0 vos attentes. C&#8217;est pourquoi vous pouvez toujours retourner votre commande dans les 14 jours. Vous pouvez \u00e9galement d&#8217;abord nous informer dans les 14 jours que vous souhaitez annuler l&#8217;achat. Vous disposez ensuite de 14 jours suppl\u00e9mentaires pour retourner les produits. Assurez-vous que le produit est dans son \u00e9tat d&#8217;origine. D\u00e8s que possible, mais au plus tard 14 jours apr\u00e8s l&#8217;annulation, nous vous rembourserons le montant total de l&#8217;achat, y compris les frais standard pour l&#8217;exp\u00e9dition de retour. Nous pouvons suspendre le remboursement jusqu&#8217;\u00e0 ce que nous ayons re\u00e7u les marchandises, ou jusqu&#8217;\u00e0 ce que vous ayez d\u00e9montr\u00e9 que vous les avez renvoy\u00e9es, selon la premi\u00e8re \u00e9ventualit\u00e9. Vous serez \u00e9galement rembours\u00e9 avec le m\u00eame mode de paiement que celui choisi lors du processus d&#8217;achat. Vous payez vous-m\u00eame les frais de retour.<\/p>\n<p>Pour que vous receviez rapidement vos produits command\u00e9s et que vous puissiez les retourner, nous travaillons en collaboration avec Active Ants, notre partenaire de traitement \u00e9lectronique \u00e0 Nieuwegein (Pays-Bas).<\/p>\n<p>Avant de placer le mat\u00e9riel d&#8217;\u00e9tude choisi dans le panier, vous devez accepter nos conditions g\u00e9n\u00e9rales et autres conditions. Ceci afin d&#8217;\u00e9viter une utilisation abusive de notre mat\u00e9riel d&#8217;\u00e9tude. Nous respectons bien entendu la p\u00e9riode d&#8217;essai l\u00e9gale de 14 jours.<\/p>\n<p><em>\u00ab J&#8217;ai v\u00e9rifi\u00e9 ma commande et les d\u00e9tails, et j&#8217;accepte les termes et conditions. Je passe une commande avec obligation de payer et je t\u00e9l\u00e9charge \/ active le contenu num\u00e9rique dans le d\u00e9lai de r\u00e9flexion de 14 jours. Je reconnais que je ne peux pas effectuer de retour apr\u00e8s le t\u00e9l\u00e9chargement \/ l&#8217;activation. \u00bb<\/em><\/p>\n<h2>Le processus de retour via DHL \/ Bpost ou PostNL<\/h2>\n<h4>Syst\u00e8me de retour DHL \/ Bpost<\/h4>\n<p>Les frais de retour des produits via un point DHL sont de 3,95 \u20ac pour les Pays-Bas et 4,75 \u20ac pour la Belgique.<\/p>\n<p>Voici la proc\u00e9dure \u00e0 suivre :<\/p>\n<p>1. Envoyez un mail \u00e0 <a href=\"mailto:webshop@alletheorieboeken.nl\">webshop@alletheorieboeken.nl<\/a>, ou remplissez le <a href=\"https:\/\/alletheorieboeken.be\/fr\/contact\/\">formulaire de contact<\/a> dans les 14 jours suivant la r\u00e9ception du produit.<\/p>\n<ul>\n<li>Indiquez quel produit vous retournez et indiquez votre num\u00e9ro de commande<\/li>\n<li>Assurez-vous que le produit est dans son \u00e9tat d&#8217;origine dans la mesure o\u00f9 cela est raisonnablement possible<\/li>\n<\/ul>\n<p>Renvoyez (si cela est raisonnablement possible) l&#8217;emballage d&#8217;origine dans les 14 jours suivant la notification du retour<br \/>\nSi nous ne recevons pas le produit correctement, une compensation sera factur\u00e9e.<\/p>\n<p>2. T\u00e9l\u00e9chargez l&#8217;\u00e9tiquette de retour pour les <a href=\"https:\/\/www.dhlparcel.nl\/nl\">Pays-Bas<\/a> ou la <a href=\"https:\/\/www.bpost.be\/nl\">Belgique<\/a>, et imprimez-la.<\/p>\n<p>3. Collez cette \u00e9tiquette sur le colis de retour.<\/p>\n<p>4. Remettez le colis dans l&#8217;un des points de service aux Pays-Bas ou en Belgique.<\/p>\n<h2>Retours via le bureau de poste<\/h2>\n<p>Vous pouvez retourner le produit via le bureau de poste. Vous payez le tarif postal applicable. Envoyez le colis \u00e0 l&#8217;adresse ci-dessous.<\/p>\n<p>Boutique en ligne Alletheorieboeken.nl<br \/>\nZeelandhaven 6<br \/>\n3433 PL Nieuwegein<br \/>\nPays-Bas<\/p>\n<h2>Particularit\u00e9s Retours<\/h2>\n<ul>\n<li>Les CD-ROM ne peuvent \u00eatre retourn\u00e9s que si le sceau ou le couvercle en plastique du bo\u00eetier <strong>n&#8217;est pas bris\u00e9<\/strong>.<\/li>\n<li>Les produits en ligne qui doivent \u00eatre t\u00e9l\u00e9charg\u00e9s ou activ\u00e9s via Internet <strong>ne peuvent<\/strong> pas \u00eatre retourn\u00e9s car le service est fourni imm\u00e9diatement, dans le d\u00e9lai de r\u00e9flexion de 14 jours, avec votre autorisation. Vous renoncez ainsi au droit de r\u00e9tractation lors du processus de commande.<\/li>\n<li>Vous serez \u00e9galement rembours\u00e9 avec le m\u00eame mode de paiement que celui choisi lors du processus d&#8217;achat.<\/li>\n<li>Vous n&#8217;\u00eates responsable que de la diminution de la valeur des biens r\u00e9sultant de l&#8217;utilisation des biens au-del\u00e0 de ce qui est n\u00e9cessaire pour \u00e9tablir la nature, les caract\u00e9ristiques et le fonctionnement des biens.<\/li>\n<li>Vous pouvez utiliser ce <a href=\"https:\/\/www.thuiswinkel.org\/data\/uploads\/reglementen\/Modelformulier_voor_herroeping.docx\">formulaire<\/a> pour annuler le contrat et le renvoyer compl\u00e9t\u00e9 \u00e0 <a href=\"mailto:webshop@alletheorieboeken.nl\">webshop@alletheorieboeken.nl<\/a> ou en l&#8217;ajoutant au retour.<\/li>\n<\/ul>\n<h2>R\u00e9ception de mauvais produits<\/h2>\n<p>Nous visons une haute qualit\u00e9 dans notre gamme et notre processus logistique. Il est possible que vous receviez le mauvais produit. Veuillez dans ce cas envoyer un mail \u00e0 <a href=\"mailto:webshop@alletheorieboeken.nl\">webshop@alletheorieboeken.nl<\/a> et indiquez votre num\u00e9ro de commande.<\/p>\n<p>Nous assurerons alors un traitement correct de votre commande et prendrons en charge les frais de retour. Vous recevrez une \u00e9tiquette de retour dans votre bo\u00eete \u00e9lectronique. Imprimez l&#8217;\u00e9tiquette et collez-la sur le colis de retour. Livrez enfin le colis \u00e0 un point de collecte. Vous recevrez des instructions par mail.<\/p>\n","protected":false},"excerpt":{"rendered":"<p>Nous pensons qu&#8217;il est important que vous soyez satisfait de nos produits. Il est bien entendu possible que vous receviez un produit qui ne r\u00e9pond pas \u00e0 vos attentes. C&#8217;est<\/p>\n","protected":false},"author":3,"featured_media":0,"parent":0,"menu_order":17,"comment_status":"closed","ping_status":"closed","template":"","meta":{"_acf_changed":false,"inline_featured_image":false,"footnotes":""},"class_list":["post-9159","page","type-page","status-publish","hentry"],"acf":[],"yoast_head":"<!-- This site is optimized with the Yoast SEO plugin v26.6 - https:\/\/yoast.com\/wordpress\/plugins\/seo\/ -->\n<title>Retours | Alletheorieboeken.be<\/title>\n<meta name=\"robots\" content=\"index, follow, max-snippet:-1, max-image-preview:large, max-video-preview:-1\" \/>\n<link rel=\"canonical\" href=\"https:\/\/alletheorieboeken.be\/fr\/retours\/\" \/>\n<meta property=\"og:locale\" content=\"fr_FR\" \/>\n<meta property=\"og:type\" content=\"article\" \/>\n<meta property=\"og:title\" content=\"Retours | Alletheorieboeken.be\" \/>\n<meta property=\"og:description\" content=\"Nous pensons qu&#8217;il est important que vous soyez satisfait de nos produits. Il est bien entendu possible que vous receviez un produit qui ne r\u00e9pond pas \u00e0 vos attentes. C&#8217;est\" \/>\n<meta property=\"og:url\" content=\"https:\/\/alletheorieboeken.be\/fr\/retours\/\" \/>\n<meta property=\"og:site_name\" content=\"Alletheorieboeken.be\" \/>\n<meta property=\"article:publisher\" content=\"https:\/\/nl-nl.facebook.com\/pages\/Alletheorieboekennl\/243542295657997\" \/>\n<meta property=\"article:modified_time\" content=\"2021-04-12T14:42:47+00:00\" \/>\n<meta name=\"twitter:card\" content=\"summary_large_image\" \/>\n<meta name=\"twitter:label1\" content=\"Dur\u00e9e de lecture estim\u00e9e\" \/>\n\t<meta name=\"twitter:data1\" content=\"4 minutes\" \/>\n<script type=\"application\/ld+json\" class=\"yoast-schema-graph\">{\"@context\":\"https:\/\/schema.org\",\"@graph\":[{\"@type\":\"WebPage\",\"@id\":\"https:\/\/alletheorieboeken.be\/fr\/retours\/\",\"url\":\"https:\/\/alletheorieboeken.be\/fr\/retours\/\",\"name\":\"Retours | Alletheorieboeken.be\",\"isPartOf\":{\"@id\":\"https:\/\/alletheorieboeken.be\/fr\/#website\"},\"datePublished\":\"2021-03-31T14:49:33+00:00\",\"dateModified\":\"2021-04-12T14:42:47+00:00\",\"breadcrumb\":{\"@id\":\"https:\/\/alletheorieboeken.be\/fr\/retours\/#breadcrumb\"},\"inLanguage\":\"fr-FR\",\"potentialAction\":[{\"@type\":\"ReadAction\",\"target\":[\"https:\/\/alletheorieboeken.be\/fr\/retours\/\"]}]},{\"@type\":\"BreadcrumbList\",\"@id\":\"https:\/\/alletheorieboeken.be\/fr\/retours\/#breadcrumb\",\"itemListElement\":[{\"@type\":\"ListItem\",\"position\":1,\"name\":\"Home\",\"item\":\"https:\/\/alletheorieboeken.be\/fr\/\"},{\"@type\":\"ListItem\",\"position\":2,\"name\":\"Retours\"}]},{\"@type\":\"WebSite\",\"@id\":\"https:\/\/alletheorieboeken.be\/fr\/#website\",\"url\":\"https:\/\/alletheorieboeken.be\/fr\/\",\"name\":\"Alletheorieboeken.be\",\"description\":\"\",\"publisher\":{\"@id\":\"https:\/\/alletheorieboeken.be\/fr\/#organization\"},\"potentialAction\":[{\"@type\":\"SearchAction\",\"target\":{\"@type\":\"EntryPoint\",\"urlTemplate\":\"https:\/\/alletheorieboeken.be\/fr\/?s={search_term_string}\"},\"query-input\":{\"@type\":\"PropertyValueSpecification\",\"valueRequired\":true,\"valueName\":\"search_term_string\"}}],\"inLanguage\":\"fr-FR\"},{\"@type\":\"Organization\",\"@id\":\"https:\/\/alletheorieboeken.be\/fr\/#organization\",\"name\":\"alletheorieboeken.be\",\"url\":\"https:\/\/alletheorieboeken.be\/fr\/\",\"logo\":{\"@type\":\"ImageObject\",\"inLanguage\":\"fr-FR\",\"@id\":\"https:\/\/alletheorieboeken.be\/fr\/#\/schema\/logo\/image\/\",\"url\":\"https:\/\/alletheorieboeken.be\/wp-content\/uploads\/2021\/03\/ATB.be-logo-2020-ZB.svg\",\"contentUrl\":\"https:\/\/alletheorieboeken.be\/wp-content\/uploads\/2021\/03\/ATB.be-logo-2020-ZB.svg\",\"width\":1024,\"height\":1024,\"caption\":\"alletheorieboeken.be\"},\"image\":{\"@id\":\"https:\/\/alletheorieboeken.be\/fr\/#\/schema\/logo\/image\/\"},\"sameAs\":[\"https:\/\/nl-nl.facebook.com\/pages\/Alletheorieboekennl\/243542295657997\",\"https:\/\/www.instagram.com\/alletheorieboeken.nl\/\"]}]}<\/script>\n<!-- \/ Yoast SEO plugin. -->","yoast_head_json":{"title":"Retours | Alletheorieboeken.be","robots":{"index":"index","follow":"follow","max-snippet":"max-snippet:-1","max-image-preview":"max-image-preview:large","max-video-preview":"max-video-preview:-1"},"canonical":"https:\/\/alletheorieboeken.be\/fr\/retours\/","og_locale":"fr_FR","og_type":"article","og_title":"Retours | Alletheorieboeken.be","og_description":"Nous pensons qu&#8217;il est important que vous soyez satisfait de nos produits. Il est bien entendu possible que vous receviez un produit qui ne r\u00e9pond pas \u00e0 vos attentes. C&#8217;est","og_url":"https:\/\/alletheorieboeken.be\/fr\/retours\/","og_site_name":"Alletheorieboeken.be","article_publisher":"https:\/\/nl-nl.facebook.com\/pages\/Alletheorieboekennl\/243542295657997","article_modified_time":"2021-04-12T14:42:47+00:00","twitter_card":"summary_large_image","twitter_misc":{"Dur\u00e9e de lecture estim\u00e9e":"4 minutes"},"schema":{"@context":"https:\/\/schema.org","@graph":[{"@type":"WebPage","@id":"https:\/\/alletheorieboeken.be\/fr\/retours\/","url":"https:\/\/alletheorieboeken.be\/fr\/retours\/","name":"Retours | Alletheorieboeken.be","isPartOf":{"@id":"https:\/\/alletheorieboeken.be\/fr\/#website"},"datePublished":"2021-03-31T14:49:33+00:00","dateModified":"2021-04-12T14:42:47+00:00","breadcrumb":{"@id":"https:\/\/alletheorieboeken.be\/fr\/retours\/#breadcrumb"},"inLanguage":"fr-FR","potentialAction":[{"@type":"ReadAction","target":["https:\/\/alletheorieboeken.be\/fr\/retours\/"]}]},{"@type":"BreadcrumbList","@id":"https:\/\/alletheorieboeken.be\/fr\/retours\/#breadcrumb","itemListElement":[{"@type":"ListItem","position":1,"name":"Home","item":"https:\/\/alletheorieboeken.be\/fr\/"},{"@type":"ListItem","position":2,"name":"Retours"}]},{"@type":"WebSite","@id":"https:\/\/alletheorieboeken.be\/fr\/#website","url":"https:\/\/alletheorieboeken.be\/fr\/","name":"Alletheorieboeken.be","description":"","publisher":{"@id":"https:\/\/alletheorieboeken.be\/fr\/#organization"},"potentialAction":[{"@type":"SearchAction","target":{"@type":"EntryPoint","urlTemplate":"https:\/\/alletheorieboeken.be\/fr\/?s={search_term_string}"},"query-input":{"@type":"PropertyValueSpecification","valueRequired":true,"valueName":"search_term_string"}}],"inLanguage":"fr-FR"},{"@type":"Organization","@id":"https:\/\/alletheorieboeken.be\/fr\/#organization","name":"alletheorieboeken.be","url":"https:\/\/alletheorieboeken.be\/fr\/","logo":{"@type":"ImageObject","inLanguage":"fr-FR","@id":"https:\/\/alletheorieboeken.be\/fr\/#\/schema\/logo\/image\/","url":"https:\/\/alletheorieboeken.be\/wp-content\/uploads\/2021\/03\/ATB.be-logo-2020-ZB.svg","contentUrl":"https:\/\/alletheorieboeken.be\/wp-content\/uploads\/2021\/03\/ATB.be-logo-2020-ZB.svg","width":1024,"height":1024,"caption":"alletheorieboeken.be"},"image":{"@id":"https:\/\/alletheorieboeken.be\/fr\/#\/schema\/logo\/image\/"},"sameAs":["https:\/\/nl-nl.facebook.com\/pages\/Alletheorieboekennl\/243542295657997","https:\/\/www.instagram.com\/alletheorieboeken.nl\/"]}]}},"_links":{"self":[{"href":"https:\/\/alletheorieboeken.be\/fr\/wp-json\/wp\/v2\/pages\/9159","targetHints":{"allow":["GET"]}}],"collection":[{"href":"https:\/\/alletheorieboeken.be\/fr\/wp-json\/wp\/v2\/pages"}],"about":[{"href":"https:\/\/alletheorieboeken.be\/fr\/wp-json\/wp\/v2\/types\/page"}],"author":[{"embeddable":true,"href":"https:\/\/alletheorieboeken.be\/fr\/wp-json\/wp\/v2\/users\/3"}],"replies":[{"embeddable":true,"href":"https:\/\/alletheorieboeken.be\/fr\/wp-json\/wp\/v2\/comments?post=9159"}],"version-history":[{"count":0,"href":"https:\/\/alletheorieboeken.be\/fr\/wp-json\/wp\/v2\/pages\/9159\/revisions"}],"wp:attachment":[{"href":"https:\/\/alletheorieboeken.be\/fr\/wp-json\/wp\/v2\/media?parent=9159"}],"curies":[{"name":"wp","href":"https:\/\/api.w.org\/{rel}","templated":true}]}}