{"id":11535,"date":"2022-05-04T11:41:19","date_gmt":"2022-05-04T09:41:19","guid":{"rendered":"https:\/\/alletheorieboeken.be\/?post_type=product&#038;p=11535"},"modified":"2026-04-09T10:28:54","modified_gmt":"2026-04-09T08:28:54","slug":"guide-theorique-a-am","status":"publish","type":"product","link":"https:\/\/alletheorieboeken.be\/fr\/produit\/guide-theorique-a-am\/","title":{"rendered":"Guide th\u00e9orique Permis de conduire A + AM (FR)"},"content":{"rendered":"<p>Il contient toute la mati\u00e8re de l\u2019examen, pr\u00e9sent\u00e9e de fa\u00e7on simple et actuelle.<\/p>\n<ul>\n<li>Photos, dessins en 3D et situations concr\u00e8tes de la circulation.<\/li>\n<li>Points d\u2019attention sp\u00e9cifiques pour les motocyclistes.<\/li>\n<li>Conseils pratiques pour la conduite \u2018vraie\u2019.<\/li>\n<li>Des questions d\u2019exercices apr\u00e8s les chapitres.<\/li>\n<li>Des examens d\u2019essai comprenant des centaines de questions.<\/li>\n<\/ul>\n<p>Ce guide est unique en son genre sur le march\u00e9 belge. Les auteurs sont des motocyclistes chevronn\u00e9s et cela se ressent !<\/p>\n<h2>Toujours le Code de la Route mis \u00e0 jour<\/h2>\n<p>Chez \u2018Alletheorieboeken.be\u2019, vous trouvez toujours les \u00e9ditions les plus r\u00e9centes. Mais le l\u00e9gislateur modifie et \/ ou adapte r\u00e9guli\u00e8rement le Code de la Route. Consultez donc le site\u00a0<a href=\"http:\/\/www.connaitreconduire.be\/\">www.connaitreconduire.be<\/a>, afin de rester au courant des derniers changements \u00e0 la l\u00e9gislation traffic et de vous pr\u00e9parer de fa\u00e7on optimale \u00e0 l\u2019examen officiel.<\/p>\n","protected":false},"excerpt":{"rendered":"<ul>\n<li>French language<\/li>\n<li>Photos, dessins en 3D et situations concr\u00e8tes de la circulation.<\/li>\n<li>Points d\u2019attention sp\u00e9cifiques pour les motocyclistes.<\/li>\n<li>Conseils pratiques pour la conduite \u2018vraie\u2019.<\/li>\n<li>Des questions d\u2019exercices apr\u00e8s les chapitres.<\/li>\n<li>Des examens d\u2019essai comprenant des centaines de questions.<\/li>\n<\/ul>\n<p>Ce guide th\u00e9orique permet \u00e0 chaque \u00e9l\u00e8ve de relever le d\u00e9fi de l\u2019examen. Depuis de nombreuses ann\u00e9es, l\u2019assistant indispensable pour tous ceux qui se pr\u00e9parent \u00e0 l\u2019examen auto th\u00e9orique. Avec des examens d\u2019essai comprenant des centaines de questions.<\/p>\n","protected":false},"featured_media":11537,"comment_status":"open","ping_status":"closed","template":"","meta":{"_acf_changed":false,"inline_featured_image":false},"product_brand":[],"product_cat":[1391,812,825],"product_tag":[],"class_list":{"0":"post-11535","1":"product","2":"type-product","3":"status-publish","4":"has-post-thumbnail","6":"product_cat-motorbike-theory-fr","7":"product_cat-theorie-du-moteur","8":"product_cat-theorie-du-scooter","10":"first","11":"instock","12":"taxable","13":"shipping-taxable","14":"purchasable","15":"product-type-simple"},"bundle_layout":"","bundle_add_to_cart_form_location":"","bundle_editable_in_cart":false,"bundle_sold_individually_context":"","bundle_item_grouping":"","bundle_min_size":"","bundle_max_size":"","bundled_by":[],"bundled_items":[],"acf":[],"yoast_head":"<!-- This site is optimized with the Yoast SEO plugin v26.6 - https:\/\/yoast.com\/wordpress\/plugins\/seo\/ -->\n<title>Guide th\u00e9orique Permis de conduire A + AM - Wees Wegwijs<\/title>\n<meta name=\"description\" content=\"Guide th\u00e9orique Permis de conduire A + AM - Wees Wegwijs\" \/>\n<meta name=\"robots\" content=\"index, follow, max-snippet:-1, max-image-preview:large, max-video-preview:-1\" \/>\n<link rel=\"canonical\" href=\"https:\/\/alletheorieboeken.be\/fr\/produit\/guide-theorique-a-am\/\" \/>\n<meta property=\"og:locale\" content=\"fr_FR\" \/>\n<meta property=\"og:type\" content=\"article\" \/>\n<meta property=\"og:title\" content=\"Guide th\u00e9orique Permis de conduire A + AM - Wees Wegwijs\" \/>\n<meta property=\"og:description\" content=\"Guide th\u00e9orique Permis de conduire A + AM - Wees Wegwijs\" \/>\n<meta property=\"og:url\" content=\"https:\/\/alletheorieboeken.be\/fr\/produit\/guide-theorique-a-am\/\" \/>\n<meta property=\"og:site_name\" content=\"Alletheorieboeken.be\" \/>\n<meta property=\"article:publisher\" content=\"https:\/\/nl-nl.facebook.com\/pages\/Alletheorieboekennl\/243542295657997\" \/>\n<meta property=\"article:modified_time\" content=\"2026-04-09T08:28:54+00:00\" \/>\n<meta property=\"og:image\" content=\"https:\/\/alletheorieboeken.be\/wp-content\/uploads\/2022\/05\/a_cover_1-1.jpg\" \/>\n\t<meta property=\"og:image:width\" content=\"940\" \/>\n\t<meta property=\"og:image:height\" content=\"587\" \/>\n\t<meta property=\"og:image:type\" content=\"image\/jpeg\" \/>\n<meta name=\"twitter:card\" content=\"summary_large_image\" \/>\n<meta name=\"twitter:label1\" content=\"Dur\u00e9e de lecture estim\u00e9e\" \/>\n\t<meta name=\"twitter:data1\" content=\"1 minute\" \/>\n<script type=\"application\/ld+json\" class=\"yoast-schema-graph\">{\"@context\":\"https:\/\/schema.org\",\"@graph\":[{\"@type\":\"WebPage\",\"@id\":\"https:\/\/alletheorieboeken.be\/fr\/produit\/guide-theorique-a-am\/\",\"url\":\"https:\/\/alletheorieboeken.be\/fr\/produit\/guide-theorique-a-am\/\",\"name\":\"Guide th\u00e9orique Permis de conduire A + AM - Wees Wegwijs\",\"isPartOf\":{\"@id\":\"https:\/\/alletheorieboeken.be\/fr\/#website\"},\"primaryImageOfPage\":{\"@id\":\"https:\/\/alletheorieboeken.be\/fr\/produit\/guide-theorique-a-am\/#primaryimage\"},\"image\":{\"@id\":\"https:\/\/alletheorieboeken.be\/fr\/produit\/guide-theorique-a-am\/#primaryimage\"},\"thumbnailUrl\":\"https:\/\/alletheorieboeken.be\/wp-content\/uploads\/2022\/05\/a_cover_1-1.jpg\",\"datePublished\":\"2022-05-04T09:41:19+00:00\",\"dateModified\":\"2026-04-09T08:28:54+00:00\",\"description\":\"Guide th\u00e9orique Permis de conduire A + AM - Wees Wegwijs\",\"breadcrumb\":{\"@id\":\"https:\/\/alletheorieboeken.be\/fr\/produit\/guide-theorique-a-am\/#breadcrumb\"},\"inLanguage\":\"fr-FR\",\"potentialAction\":[{\"@type\":\"ReadAction\",\"target\":[\"https:\/\/alletheorieboeken.be\/fr\/produit\/guide-theorique-a-am\/\"]}]},{\"@type\":\"ImageObject\",\"inLanguage\":\"fr-FR\",\"@id\":\"https:\/\/alletheorieboeken.be\/fr\/produit\/guide-theorique-a-am\/#primaryimage\",\"url\":\"https:\/\/alletheorieboeken.be\/wp-content\/uploads\/2022\/05\/a_cover_1-1.jpg\",\"contentUrl\":\"https:\/\/alletheorieboeken.be\/wp-content\/uploads\/2022\/05\/a_cover_1-1.jpg\",\"width\":940,\"height\":587},{\"@type\":\"BreadcrumbList\",\"@id\":\"https:\/\/alletheorieboeken.be\/fr\/produit\/guide-theorique-a-am\/#breadcrumb\",\"itemListElement\":[{\"@type\":\"ListItem\",\"position\":1,\"name\":\"Home\",\"item\":\"https:\/\/alletheorieboeken.be\/fr\/\"},{\"@type\":\"ListItem\",\"position\":2,\"name\":\"Shop\",\"item\":\"https:\/\/alletheorieboeken.be\/fr\/shop\/\"},{\"@type\":\"ListItem\",\"position\":3,\"name\":\"Guide th\u00e9orique Permis de conduire A + AM (FR)\"}]},{\"@type\":\"WebSite\",\"@id\":\"https:\/\/alletheorieboeken.be\/fr\/#website\",\"url\":\"https:\/\/alletheorieboeken.be\/fr\/\",\"name\":\"Alletheorieboeken.be\",\"description\":\"\",\"publisher\":{\"@id\":\"https:\/\/alletheorieboeken.be\/fr\/#organization\"},\"potentialAction\":[{\"@type\":\"SearchAction\",\"target\":{\"@type\":\"EntryPoint\",\"urlTemplate\":\"https:\/\/alletheorieboeken.be\/fr\/?s={search_term_string}\"},\"query-input\":{\"@type\":\"PropertyValueSpecification\",\"valueRequired\":true,\"valueName\":\"search_term_string\"}}],\"inLanguage\":\"fr-FR\"},{\"@type\":\"Organization\",\"@id\":\"https:\/\/alletheorieboeken.be\/fr\/#organization\",\"name\":\"alletheorieboeken.be\",\"url\":\"https:\/\/alletheorieboeken.be\/fr\/\",\"logo\":{\"@type\":\"ImageObject\",\"inLanguage\":\"fr-FR\",\"@id\":\"https:\/\/alletheorieboeken.be\/fr\/#\/schema\/logo\/image\/\",\"url\":\"https:\/\/alletheorieboeken.be\/wp-content\/uploads\/2021\/03\/ATB.be-logo-2020-ZB.svg\",\"contentUrl\":\"https:\/\/alletheorieboeken.be\/wp-content\/uploads\/2021\/03\/ATB.be-logo-2020-ZB.svg\",\"width\":1024,\"height\":1024,\"caption\":\"alletheorieboeken.be\"},\"image\":{\"@id\":\"https:\/\/alletheorieboeken.be\/fr\/#\/schema\/logo\/image\/\"},\"sameAs\":[\"https:\/\/nl-nl.facebook.com\/pages\/Alletheorieboekennl\/243542295657997\",\"https:\/\/www.instagram.com\/alletheorieboeken.nl\/\"]}]}<\/script>\n<!-- \/ Yoast SEO plugin. -->","yoast_head_json":{"title":"Guide th\u00e9orique Permis de conduire A + AM - Wees Wegwijs","description":"Guide th\u00e9orique Permis de conduire A + AM - Wees Wegwijs","robots":{"index":"index","follow":"follow","max-snippet":"max-snippet:-1","max-image-preview":"max-image-preview:large","max-video-preview":"max-video-preview:-1"},"canonical":"https:\/\/alletheorieboeken.be\/fr\/produit\/guide-theorique-a-am\/","og_locale":"fr_FR","og_type":"article","og_title":"Guide th\u00e9orique Permis de conduire A + AM - Wees Wegwijs","og_description":"Guide th\u00e9orique Permis de conduire A + AM - Wees Wegwijs","og_url":"https:\/\/alletheorieboeken.be\/fr\/produit\/guide-theorique-a-am\/","og_site_name":"Alletheorieboeken.be","article_publisher":"https:\/\/nl-nl.facebook.com\/pages\/Alletheorieboekennl\/243542295657997","article_modified_time":"2026-04-09T08:28:54+00:00","og_image":[{"width":940,"height":587,"url":"https:\/\/alletheorieboeken.be\/wp-content\/uploads\/2022\/05\/a_cover_1-1.jpg","type":"image\/jpeg"}],"twitter_card":"summary_large_image","twitter_misc":{"Dur\u00e9e de lecture estim\u00e9e":"1 minute"},"schema":{"@context":"https:\/\/schema.org","@graph":[{"@type":"WebPage","@id":"https:\/\/alletheorieboeken.be\/fr\/produit\/guide-theorique-a-am\/","url":"https:\/\/alletheorieboeken.be\/fr\/produit\/guide-theorique-a-am\/","name":"Guide th\u00e9orique Permis de conduire A + AM - Wees Wegwijs","isPartOf":{"@id":"https:\/\/alletheorieboeken.be\/fr\/#website"},"primaryImageOfPage":{"@id":"https:\/\/alletheorieboeken.be\/fr\/produit\/guide-theorique-a-am\/#primaryimage"},"image":{"@id":"https:\/\/alletheorieboeken.be\/fr\/produit\/guide-theorique-a-am\/#primaryimage"},"thumbnailUrl":"https:\/\/alletheorieboeken.be\/wp-content\/uploads\/2022\/05\/a_cover_1-1.jpg","datePublished":"2022-05-04T09:41:19+00:00","dateModified":"2026-04-09T08:28:54+00:00","description":"Guide th\u00e9orique Permis de conduire A + AM - Wees Wegwijs","breadcrumb":{"@id":"https:\/\/alletheorieboeken.be\/fr\/produit\/guide-theorique-a-am\/#breadcrumb"},"inLanguage":"fr-FR","potentialAction":[{"@type":"ReadAction","target":["https:\/\/alletheorieboeken.be\/fr\/produit\/guide-theorique-a-am\/"]}]},{"@type":"ImageObject","inLanguage":"fr-FR","@id":"https:\/\/alletheorieboeken.be\/fr\/produit\/guide-theorique-a-am\/#primaryimage","url":"https:\/\/alletheorieboeken.be\/wp-content\/uploads\/2022\/05\/a_cover_1-1.jpg","contentUrl":"https:\/\/alletheorieboeken.be\/wp-content\/uploads\/2022\/05\/a_cover_1-1.jpg","width":940,"height":587},{"@type":"BreadcrumbList","@id":"https:\/\/alletheorieboeken.be\/fr\/produit\/guide-theorique-a-am\/#breadcrumb","itemListElement":[{"@type":"ListItem","position":1,"name":"Home","item":"https:\/\/alletheorieboeken.be\/fr\/"},{"@type":"ListItem","position":2,"name":"Shop","item":"https:\/\/alletheorieboeken.be\/fr\/shop\/"},{"@type":"ListItem","position":3,"name":"Guide th\u00e9orique Permis de conduire A + AM (FR)"}]},{"@type":"WebSite","@id":"https:\/\/alletheorieboeken.be\/fr\/#website","url":"https:\/\/alletheorieboeken.be\/fr\/","name":"Alletheorieboeken.be","description":"","publisher":{"@id":"https:\/\/alletheorieboeken.be\/fr\/#organization"},"potentialAction":[{"@type":"SearchAction","target":{"@type":"EntryPoint","urlTemplate":"https:\/\/alletheorieboeken.be\/fr\/?s={search_term_string}"},"query-input":{"@type":"PropertyValueSpecification","valueRequired":true,"valueName":"search_term_string"}}],"inLanguage":"fr-FR"},{"@type":"Organization","@id":"https:\/\/alletheorieboeken.be\/fr\/#organization","name":"alletheorieboeken.be","url":"https:\/\/alletheorieboeken.be\/fr\/","logo":{"@type":"ImageObject","inLanguage":"fr-FR","@id":"https:\/\/alletheorieboeken.be\/fr\/#\/schema\/logo\/image\/","url":"https:\/\/alletheorieboeken.be\/wp-content\/uploads\/2021\/03\/ATB.be-logo-2020-ZB.svg","contentUrl":"https:\/\/alletheorieboeken.be\/wp-content\/uploads\/2021\/03\/ATB.be-logo-2020-ZB.svg","width":1024,"height":1024,"caption":"alletheorieboeken.be"},"image":{"@id":"https:\/\/alletheorieboeken.be\/fr\/#\/schema\/logo\/image\/"},"sameAs":["https:\/\/nl-nl.facebook.com\/pages\/Alletheorieboekennl\/243542295657997","https:\/\/www.instagram.com\/alletheorieboeken.nl\/"]}]}},"_links":{"self":[{"href":"https:\/\/alletheorieboeken.be\/fr\/wp-json\/wp\/v2\/product\/11535","targetHints":{"allow":["GET"]}}],"collection":[{"href":"https:\/\/alletheorieboeken.be\/fr\/wp-json\/wp\/v2\/product"}],"about":[{"href":"https:\/\/alletheorieboeken.be\/fr\/wp-json\/wp\/v2\/types\/product"}],"replies":[{"embeddable":true,"href":"https:\/\/alletheorieboeken.be\/fr\/wp-json\/wp\/v2\/comments?post=11535"}],"wp:featuredmedia":[{"embeddable":true,"href":"https:\/\/alletheorieboeken.be\/fr\/wp-json\/wp\/v2\/media\/11537"}],"wp:attachment":[{"href":"https:\/\/alletheorieboeken.be\/fr\/wp-json\/wp\/v2\/media?parent=11535"}],"wp:term":[{"taxonomy":"product_brand","embeddable":true,"href":"https:\/\/alletheorieboeken.be\/fr\/wp-json\/wp\/v2\/product_brand?post=11535"},{"taxonomy":"product_cat","embeddable":true,"href":"https:\/\/alletheorieboeken.be\/fr\/wp-json\/wp\/v2\/product_cat?post=11535"},{"taxonomy":"product_tag","embeddable":true,"href":"https:\/\/alletheorieboeken.be\/fr\/wp-json\/wp\/v2\/product_tag?post=11535"}],"curies":[{"name":"wp","href":"https:\/\/api.w.org\/{rel}","templated":true}]}}