{"id":18018,"date":"2025-01-10T13:51:50","date_gmt":"2025-01-10T12:51:50","guid":{"rendered":"https:\/\/alletheorieboeken.be\/?post_type=product&#038;p=18018"},"modified":"2025-07-07T16:13:30","modified_gmt":"2025-07-07T14:13:30","slug":"outlet-guide-theorique-permis-de-conduire-g-tracteur-fr","status":"publish","type":"product","link":"https:\/\/alletheorieboeken.be\/fr\/produit\/outlet-guide-theorique-permis-de-conduire-g-tracteur-fr\/","title":{"rendered":"OUTLET &#8211; Guide th\u00e9orique &#8211; Permis de conduire G Tracteur (FR)"},"content":{"rendered":"<p>Attention ! Ce produit provient du point de vente Alletheorieboeken.be.<br \/>\nCe produit pr\u00e9sente des dommages mineurs sur la couverture tels que des oreilles de chien, des rayures ou de petites d\u00e9chirures. Tous les produits de notre point de vente sont contr\u00f4l\u00e9s pour d\u00e9tecter les d\u00e9fauts susceptibles d&#8217;affecter la lisibilit\u00e9 du contenu. En raison des dommages subis par le produit, tous les livres de cette cat\u00e9gorie sont moins chers que les exemplaires ordinaires. Ce produit est exp\u00e9di\u00e9 manuellement, il se peut donc que votre colis prenne 1 \u00e0 2 jours de plus pour arriver \u00e0 destination. Veuillez en tenir compte lorsque vous commandez un produit outlet. <\/p>\n<p>Tout conducteur d&#8217;un tracteur agricole ou forestier circulant sur la voie publique doit \u00eatre titulaire et porteur<br \/>\nd&#8217;un permis de conduire. Il doit pr\u00e9senter ce document \u00e0 toute requ\u00eate d&#8217;un agent qualifi\u00e9.<\/p>\n<p>La loi pr\u00e9voit des conditions requises pour I \u2018obtention du permis de conduire.<br \/>\nLa plus importante en est la r\u00e9ussite \u00e0 un examen portant sur la connaissance des<br \/>\nprescriptions l\u00e9gales et r\u00e9glementaires concernant la police de la circulation routi\u00e8re.<\/p>\n<p>L&#8217;examen th\u00e9orique doit \u00eatre pr\u00e9sent\u00e9 dans un centre d&#8217;examen agr\u00e9\u00e9, apr\u00e8s une pr\u00e9paration personnelle<br \/>\nou apr\u00e8s avoir suivi les cours th\u00e9oriques dispens\u00e9s par une \u00e9cole de conduite agr\u00e9\u00e9e ou une \u00e9cole d&#8217;agriculture.<br \/>\nL&#8217;examen pratique doit \u00eatre pr\u00e9sent\u00e9 dans un centre d&#8217;examen agr\u00e9\u00e9, dans une \u00e9cole d&#8217;agriculture ou dans un centre de formation agricole.<\/p>\n<h2>La mati\u00e8re th\u00e9orique comprend<\/h2>\n<ul>\n<li>la l\u00e9gislation sur la police de la circulation routi\u00e8re<\/li>\n<li>le r\u00e8glement g\u00e9n\u00e9ral sur la police de la circulation routi\u00e8re<\/li>\n<li>la connaissance des infractions<\/li>\n<li>des notions de technique, n\u00e9cessaires \u00e0 la conduite d&#8217;un v\u00e9hicule<\/li>\n<li>des notions de premiers soins en cas d&#8217;accident<\/li>\n<li>les diverses techniques de pr\u00e9vention d&#8217;accidents<\/li>\n<li>r\u00e8gles d&#8217;utilisation du v\u00e9hicule en relation avec le respect de I \u2018environnement<\/li>\n<li>r\u00e8glement technique<\/li>\n<\/ul>\n<p>II est certain que, pour un usager moyen, la r\u00e9glementation routi\u00e8re est r\u00e9barbative; on peut m\u00eame dire qu&#8217;illui est impossible d&#8217;en apprendre toutes les dispositions par c\u0153ur.<\/p>\n<p>Cet ouvrage a, d\u00e8s lors, pour but d&#8217;offrir une aide \u00e9clair\u00e9e au candidat-conducteur qui pr\u00e9pare son examen de Code de la Route ou de permettre \u00e0 I \u2018instructeur dispensant des cours de circulation routi\u00e8re d&#8217;expliquer les textes l\u00e9gaux de fa\u00e7on simple et claire.<br \/>\nIl suit le conducteur d\u00e8s qu&#8217;il s&#8217;installe aux commandes d&#8217;un v\u00e9hicule &#8211; dans toutes les situations et probl\u00e8mes de trafic imaginables dans la circulation &#8211; jusqu&#8217;au moment ou il s&#8217;immobilise. Dans ce contexte, I \u2018ouvrage constitue donc un moyen d&#8217;apprentissage et d&#8217;assistance id\u00e9al.<\/p>\n<h2>Toujours le Code de la Route mis \u00e0 jour<\/h2>\n<p>Chez &#8216;Alletheorieboeken.be&#8217;, vous trouvez toujours les \u00e9ditions les plus r\u00e9centes. Mais le l\u00e9gislateur modifie et \/ ou adapte r\u00e9guli\u00e8rement le Code de la Route. Consultez donc le site <a href=\"http:\/\/www.connaitreconduire.be\">www.connaitreconduire.be<\/a>, afin de rester au courant des derniers changements \u00e0 la l\u00e9gislation traffic et de vous pr\u00e9parer de fa\u00e7on optimale \u00e0 l&#8217;examen officiel.<\/p>\n","protected":false},"excerpt":{"rendered":"<ul>\n<li style=\"list-style-type: none;\">\n<ul>\n<li>Toute la mati\u00e8re actuelle impos\u00e9e pour l&#8217;examen<\/li>\n<li>Concentr\u00e9e sur les v\u00e9hicules agricoles<\/li>\n<li>Expliqu\u00e9 par th\u00e8me, simplement et clairement<\/li>\n<li>Photos et situations concr\u00e8tes de la circulation<\/li>\n<li>Des questions d&#8217;exercices apr\u00e8s les chapitres<\/li>\n<\/ul>\n<\/li>\n<\/ul>\n<p>L&#8217;aide indispensable pour tous ceux qui se pr\u00e9parent \u00e0 passer l&#8217;examen th\u00e9orique pour v\u00e9hicules agricoles. Ce guide permet \u00e0 chaque \u00e9l\u00e8ve de relever le d\u00e9fi de l&#8217;examen. Avec des examens d&#8217;essai comprenant des centaines de questions.<\/p>\n","protected":false},"featured_media":9670,"comment_status":"open","ping_status":"closed","template":"","meta":{"_acf_changed":false,"inline_featured_image":false},"product_brand":[],"product_cat":[1397,788,796,802],"product_tag":[],"class_list":{"0":"post-18018","1":"product","2":"type-product","3":"status-publish","4":"has-post-thumbnail","6":"product_cat-outlet-fr","7":"product_cat-actions","8":"product_cat-chauffeur-professionnel","9":"product_cat-tracteur","11":"first","12":"outofstock","13":"sale","14":"taxable","15":"shipping-taxable","16":"purchasable","17":"product-type-simple"},"bundle_layout":"","bundle_add_to_cart_form_location":"","bundle_editable_in_cart":false,"bundle_sold_individually_context":"","bundle_item_grouping":"","bundle_min_size":"","bundle_max_size":"","bundled_by":[],"bundled_items":[],"acf":[],"yoast_head":"<!-- This site is optimized with the Yoast SEO plugin v26.6 - https:\/\/yoast.com\/wordpress\/plugins\/seo\/ -->\n<title>Guide th\u00e9orique Permis G - Alletheorieboeken<\/title>\n<meta name=\"description\" content=\"Guide th\u00e9orique Permis de conduire G Tracteur, toutes les situations de trafic. Theorie Franstalig.\" \/>\n<meta name=\"robots\" content=\"index, follow, max-snippet:-1, max-image-preview:large, max-video-preview:-1\" \/>\n<link rel=\"canonical\" href=\"https:\/\/alletheorieboeken.be\/fr\/produit\/outlet-guide-theorique-permis-de-conduire-g-tracteur-fr\/\" \/>\n<meta property=\"og:locale\" content=\"fr_FR\" \/>\n<meta property=\"og:type\" content=\"article\" \/>\n<meta property=\"og:title\" content=\"Guide th\u00e9orique Permis G - Alletheorieboeken\" \/>\n<meta property=\"og:description\" content=\"Guide th\u00e9orique Permis de conduire G Tracteur, toutes les situations de trafic. Theorie Franstalig.\" \/>\n<meta property=\"og:url\" content=\"https:\/\/alletheorieboeken.be\/fr\/produit\/outlet-guide-theorique-permis-de-conduire-g-tracteur-fr\/\" \/>\n<meta property=\"og:site_name\" content=\"Alletheorieboeken.be\" \/>\n<meta property=\"article:publisher\" content=\"https:\/\/nl-nl.facebook.com\/pages\/Alletheorieboekennl\/243542295657997\" \/>\n<meta property=\"article:modified_time\" content=\"2025-07-07T14:13:30+00:00\" \/>\n<meta property=\"og:image\" content=\"https:\/\/alletheorieboeken.be\/wp-content\/uploads\/2021\/03\/ATBFTWW0101-mijnmarketing.jpg\" \/>\n\t<meta property=\"og:image:width\" content=\"736\" \/>\n\t<meta property=\"og:image:height\" content=\"460\" \/>\n\t<meta property=\"og:image:type\" content=\"image\/jpeg\" \/>\n<meta name=\"twitter:card\" content=\"summary_large_image\" \/>\n<meta name=\"twitter:label1\" content=\"Dur\u00e9e de lecture estim\u00e9e\" \/>\n\t<meta name=\"twitter:data1\" content=\"3 minutes\" \/>\n<script type=\"application\/ld+json\" class=\"yoast-schema-graph\">{\"@context\":\"https:\/\/schema.org\",\"@graph\":[{\"@type\":\"WebPage\",\"@id\":\"https:\/\/alletheorieboeken.be\/fr\/produit\/outlet-guide-theorique-permis-de-conduire-g-tracteur-fr\/\",\"url\":\"https:\/\/alletheorieboeken.be\/fr\/produit\/outlet-guide-theorique-permis-de-conduire-g-tracteur-fr\/\",\"name\":\"Guide th\u00e9orique Permis G - Alletheorieboeken\",\"isPartOf\":{\"@id\":\"https:\/\/alletheorieboeken.be\/fr\/#website\"},\"primaryImageOfPage\":{\"@id\":\"https:\/\/alletheorieboeken.be\/fr\/produit\/outlet-guide-theorique-permis-de-conduire-g-tracteur-fr\/#primaryimage\"},\"image\":{\"@id\":\"https:\/\/alletheorieboeken.be\/fr\/produit\/outlet-guide-theorique-permis-de-conduire-g-tracteur-fr\/#primaryimage\"},\"thumbnailUrl\":\"https:\/\/alletheorieboeken.be\/wp-content\/uploads\/2021\/03\/ATBFTWW0101-mijnmarketing.jpg\",\"datePublished\":\"2025-01-10T12:51:50+00:00\",\"dateModified\":\"2025-07-07T14:13:30+00:00\",\"description\":\"Guide th\u00e9orique Permis de conduire G Tracteur, toutes les situations de trafic. Theorie Franstalig.\",\"breadcrumb\":{\"@id\":\"https:\/\/alletheorieboeken.be\/fr\/produit\/outlet-guide-theorique-permis-de-conduire-g-tracteur-fr\/#breadcrumb\"},\"inLanguage\":\"fr-FR\",\"potentialAction\":[{\"@type\":\"ReadAction\",\"target\":[\"https:\/\/alletheorieboeken.be\/fr\/produit\/outlet-guide-theorique-permis-de-conduire-g-tracteur-fr\/\"]}]},{\"@type\":\"ImageObject\",\"inLanguage\":\"fr-FR\",\"@id\":\"https:\/\/alletheorieboeken.be\/fr\/produit\/outlet-guide-theorique-permis-de-conduire-g-tracteur-fr\/#primaryimage\",\"url\":\"https:\/\/alletheorieboeken.be\/wp-content\/uploads\/2021\/03\/ATBFTWW0101-mijnmarketing.jpg\",\"contentUrl\":\"https:\/\/alletheorieboeken.be\/wp-content\/uploads\/2021\/03\/ATBFTWW0101-mijnmarketing.jpg\",\"width\":736,\"height\":460},{\"@type\":\"BreadcrumbList\",\"@id\":\"https:\/\/alletheorieboeken.be\/fr\/produit\/outlet-guide-theorique-permis-de-conduire-g-tracteur-fr\/#breadcrumb\",\"itemListElement\":[{\"@type\":\"ListItem\",\"position\":1,\"name\":\"Home\",\"item\":\"https:\/\/alletheorieboeken.be\/fr\/\"},{\"@type\":\"ListItem\",\"position\":2,\"name\":\"Shop\",\"item\":\"https:\/\/alletheorieboeken.be\/fr\/shop\/\"},{\"@type\":\"ListItem\",\"position\":3,\"name\":\"OUTLET &#8211; Guide th\u00e9orique &#8211; Permis de conduire G Tracteur (FR)\"}]},{\"@type\":\"WebSite\",\"@id\":\"https:\/\/alletheorieboeken.be\/fr\/#website\",\"url\":\"https:\/\/alletheorieboeken.be\/fr\/\",\"name\":\"Alletheorieboeken.be\",\"description\":\"\",\"publisher\":{\"@id\":\"https:\/\/alletheorieboeken.be\/fr\/#organization\"},\"potentialAction\":[{\"@type\":\"SearchAction\",\"target\":{\"@type\":\"EntryPoint\",\"urlTemplate\":\"https:\/\/alletheorieboeken.be\/fr\/?s={search_term_string}\"},\"query-input\":{\"@type\":\"PropertyValueSpecification\",\"valueRequired\":true,\"valueName\":\"search_term_string\"}}],\"inLanguage\":\"fr-FR\"},{\"@type\":\"Organization\",\"@id\":\"https:\/\/alletheorieboeken.be\/fr\/#organization\",\"name\":\"alletheorieboeken.be\",\"url\":\"https:\/\/alletheorieboeken.be\/fr\/\",\"logo\":{\"@type\":\"ImageObject\",\"inLanguage\":\"fr-FR\",\"@id\":\"https:\/\/alletheorieboeken.be\/fr\/#\/schema\/logo\/image\/\",\"url\":\"https:\/\/alletheorieboeken.be\/wp-content\/uploads\/2021\/03\/ATB.be-logo-2020-ZB.svg\",\"contentUrl\":\"https:\/\/alletheorieboeken.be\/wp-content\/uploads\/2021\/03\/ATB.be-logo-2020-ZB.svg\",\"width\":1024,\"height\":1024,\"caption\":\"alletheorieboeken.be\"},\"image\":{\"@id\":\"https:\/\/alletheorieboeken.be\/fr\/#\/schema\/logo\/image\/\"},\"sameAs\":[\"https:\/\/nl-nl.facebook.com\/pages\/Alletheorieboekennl\/243542295657997\",\"https:\/\/www.instagram.com\/alletheorieboeken.nl\/\"]}]}<\/script>\n<!-- \/ Yoast SEO plugin. -->","yoast_head_json":{"title":"Guide th\u00e9orique Permis G - Alletheorieboeken","description":"Guide th\u00e9orique Permis de conduire G Tracteur, toutes les situations de trafic. Theorie Franstalig.","robots":{"index":"index","follow":"follow","max-snippet":"max-snippet:-1","max-image-preview":"max-image-preview:large","max-video-preview":"max-video-preview:-1"},"canonical":"https:\/\/alletheorieboeken.be\/fr\/produit\/outlet-guide-theorique-permis-de-conduire-g-tracteur-fr\/","og_locale":"fr_FR","og_type":"article","og_title":"Guide th\u00e9orique Permis G - Alletheorieboeken","og_description":"Guide th\u00e9orique Permis de conduire G Tracteur, toutes les situations de trafic. Theorie Franstalig.","og_url":"https:\/\/alletheorieboeken.be\/fr\/produit\/outlet-guide-theorique-permis-de-conduire-g-tracteur-fr\/","og_site_name":"Alletheorieboeken.be","article_publisher":"https:\/\/nl-nl.facebook.com\/pages\/Alletheorieboekennl\/243542295657997","article_modified_time":"2025-07-07T14:13:30+00:00","og_image":[{"width":736,"height":460,"url":"https:\/\/alletheorieboeken.be\/wp-content\/uploads\/2021\/03\/ATBFTWW0101-mijnmarketing.jpg","type":"image\/jpeg"}],"twitter_card":"summary_large_image","twitter_misc":{"Dur\u00e9e de lecture estim\u00e9e":"3 minutes"},"schema":{"@context":"https:\/\/schema.org","@graph":[{"@type":"WebPage","@id":"https:\/\/alletheorieboeken.be\/fr\/produit\/outlet-guide-theorique-permis-de-conduire-g-tracteur-fr\/","url":"https:\/\/alletheorieboeken.be\/fr\/produit\/outlet-guide-theorique-permis-de-conduire-g-tracteur-fr\/","name":"Guide th\u00e9orique Permis G - Alletheorieboeken","isPartOf":{"@id":"https:\/\/alletheorieboeken.be\/fr\/#website"},"primaryImageOfPage":{"@id":"https:\/\/alletheorieboeken.be\/fr\/produit\/outlet-guide-theorique-permis-de-conduire-g-tracteur-fr\/#primaryimage"},"image":{"@id":"https:\/\/alletheorieboeken.be\/fr\/produit\/outlet-guide-theorique-permis-de-conduire-g-tracteur-fr\/#primaryimage"},"thumbnailUrl":"https:\/\/alletheorieboeken.be\/wp-content\/uploads\/2021\/03\/ATBFTWW0101-mijnmarketing.jpg","datePublished":"2025-01-10T12:51:50+00:00","dateModified":"2025-07-07T14:13:30+00:00","description":"Guide th\u00e9orique Permis de conduire G Tracteur, toutes les situations de trafic. Theorie Franstalig.","breadcrumb":{"@id":"https:\/\/alletheorieboeken.be\/fr\/produit\/outlet-guide-theorique-permis-de-conduire-g-tracteur-fr\/#breadcrumb"},"inLanguage":"fr-FR","potentialAction":[{"@type":"ReadAction","target":["https:\/\/alletheorieboeken.be\/fr\/produit\/outlet-guide-theorique-permis-de-conduire-g-tracteur-fr\/"]}]},{"@type":"ImageObject","inLanguage":"fr-FR","@id":"https:\/\/alletheorieboeken.be\/fr\/produit\/outlet-guide-theorique-permis-de-conduire-g-tracteur-fr\/#primaryimage","url":"https:\/\/alletheorieboeken.be\/wp-content\/uploads\/2021\/03\/ATBFTWW0101-mijnmarketing.jpg","contentUrl":"https:\/\/alletheorieboeken.be\/wp-content\/uploads\/2021\/03\/ATBFTWW0101-mijnmarketing.jpg","width":736,"height":460},{"@type":"BreadcrumbList","@id":"https:\/\/alletheorieboeken.be\/fr\/produit\/outlet-guide-theorique-permis-de-conduire-g-tracteur-fr\/#breadcrumb","itemListElement":[{"@type":"ListItem","position":1,"name":"Home","item":"https:\/\/alletheorieboeken.be\/fr\/"},{"@type":"ListItem","position":2,"name":"Shop","item":"https:\/\/alletheorieboeken.be\/fr\/shop\/"},{"@type":"ListItem","position":3,"name":"OUTLET &#8211; Guide th\u00e9orique &#8211; Permis de conduire G Tracteur (FR)"}]},{"@type":"WebSite","@id":"https:\/\/alletheorieboeken.be\/fr\/#website","url":"https:\/\/alletheorieboeken.be\/fr\/","name":"Alletheorieboeken.be","description":"","publisher":{"@id":"https:\/\/alletheorieboeken.be\/fr\/#organization"},"potentialAction":[{"@type":"SearchAction","target":{"@type":"EntryPoint","urlTemplate":"https:\/\/alletheorieboeken.be\/fr\/?s={search_term_string}"},"query-input":{"@type":"PropertyValueSpecification","valueRequired":true,"valueName":"search_term_string"}}],"inLanguage":"fr-FR"},{"@type":"Organization","@id":"https:\/\/alletheorieboeken.be\/fr\/#organization","name":"alletheorieboeken.be","url":"https:\/\/alletheorieboeken.be\/fr\/","logo":{"@type":"ImageObject","inLanguage":"fr-FR","@id":"https:\/\/alletheorieboeken.be\/fr\/#\/schema\/logo\/image\/","url":"https:\/\/alletheorieboeken.be\/wp-content\/uploads\/2021\/03\/ATB.be-logo-2020-ZB.svg","contentUrl":"https:\/\/alletheorieboeken.be\/wp-content\/uploads\/2021\/03\/ATB.be-logo-2020-ZB.svg","width":1024,"height":1024,"caption":"alletheorieboeken.be"},"image":{"@id":"https:\/\/alletheorieboeken.be\/fr\/#\/schema\/logo\/image\/"},"sameAs":["https:\/\/nl-nl.facebook.com\/pages\/Alletheorieboekennl\/243542295657997","https:\/\/www.instagram.com\/alletheorieboeken.nl\/"]}]}},"_links":{"self":[{"href":"https:\/\/alletheorieboeken.be\/fr\/wp-json\/wp\/v2\/product\/18018","targetHints":{"allow":["GET"]}}],"collection":[{"href":"https:\/\/alletheorieboeken.be\/fr\/wp-json\/wp\/v2\/product"}],"about":[{"href":"https:\/\/alletheorieboeken.be\/fr\/wp-json\/wp\/v2\/types\/product"}],"replies":[{"embeddable":true,"href":"https:\/\/alletheorieboeken.be\/fr\/wp-json\/wp\/v2\/comments?post=18018"}],"wp:featuredmedia":[{"embeddable":true,"href":"https:\/\/alletheorieboeken.be\/fr\/wp-json\/wp\/v2\/media\/9670"}],"wp:attachment":[{"href":"https:\/\/alletheorieboeken.be\/fr\/wp-json\/wp\/v2\/media?parent=18018"}],"wp:term":[{"taxonomy":"product_brand","embeddable":true,"href":"https:\/\/alletheorieboeken.be\/fr\/wp-json\/wp\/v2\/product_brand?post=18018"},{"taxonomy":"product_cat","embeddable":true,"href":"https:\/\/alletheorieboeken.be\/fr\/wp-json\/wp\/v2\/product_cat?post=18018"},{"taxonomy":"product_tag","embeddable":true,"href":"https:\/\/alletheorieboeken.be\/fr\/wp-json\/wp\/v2\/product_tag?post=18018"}],"curies":[{"name":"wp","href":"https:\/\/api.w.org\/{rel}","templated":true}]}}