{"id":9176,"date":"2021-03-04T11:47:53","date_gmt":"2021-03-04T10:47:53","guid":{"rendered":"https:\/\/alletheorieboeken.be\/product\/le-guide-theorique-pour-le-permis-de-conduire-a-am-new-traffic-books\/"},"modified":"2025-01-08T14:08:52","modified_gmt":"2025-01-08T13:08:52","slug":"le-guide-theorique-pour-le-permis-de-conduire-a-am-new-traffic-books","status":"publish","type":"product","link":"https:\/\/alletheorieboeken.be\/fr\/produit\/le-guide-theorique-pour-le-permis-de-conduire-a-am-new-traffic-books\/","title":{"rendered":"(oud) Le cyclomoteur et la motocyclette A\/Z: th\u00e9orie permis A+A3 &#8211; New Traffic Books"},"content":{"rendered":"<h2>Le guide th\u00e9orique le meilleur ordonn\u00e9 de Belgique<\/h2>\n<p>Ce guide th\u00e9orique B vous donne la possibilit\u00e9 de ma\u00eetriser la th\u00e9orie de l\u2019examen GOCA d\u2019une fa\u00e7on claire et compr\u00e9hensible. Ce guide th\u00e9orique en couleur vous offre 192 pages d\u2019explication des mati\u00e8res officielles. Ce guide th\u00e9orique est mis \u00e0 jour et adapt\u00e9 au code de la route.<\/p>\n<p>Sans une pr\u00e9paration studieuse et minutieuse, l&#8217;entreprise risque fort de tourner \u00e0 l&#8217;\u00e9chec. Ce manuel a pour vocation de rendre ces textes l\u00e9gaux (si ardus) accessibles et compr\u00e9hensibles par tous les candidats au permis de conduire A1, A2, A et AM. Certains chapitres sont communs, d&#8217;autres r\u00e9serv\u00e9s \u00e0 l&#8217;une ou l&#8217;autre cat\u00e9gorie.<\/p>\n<h2>Quelles mati\u00e8res sont \u00e9labor\u00e9es dans cette \u00e9dition?<\/h2>\n<p>Ce guide th\u00e9orique permis de conduire A, A1, A2 et AM est compos\u00e9 des chapitres suivants:<\/p>\n<ol>\n<li>Se preparer a l&#8217;examen<\/li>\n<li>L&#8217;examen<\/li>\n<li>Le code de la route<\/li>\n<li>La signalisation routiere<\/li>\n<li>Identification et reglement technique<\/li>\n<li>Place sur la voie publique<\/li>\n<li>Priorite<\/li>\n<li>Se croiser et depasser<\/li>\n<li>Vitesse<\/li>\n<li>Autoroute et route pour automobiles<\/li>\n<li>Passages a niveau, endroits particuliers et tunnels<\/li>\n<li>Arret et stationnement<\/li>\n<li>Tram et bus<\/li>\n<li>Comportement a l&#8217;egard d&#8217;autres usagers<\/li>\n<li>Classification des infractions et alcool, drogues et medicaments<\/li>\n<li>Panne et accident<\/li>\n<li>La conduite defensive<\/li>\n<li>Conduite et environnement<\/li>\n<\/ol>\n<h2>Toujours le Code de la Route mis \u00e0 jour<\/h2>\n<p>Chez &#8216;Alletheorieboeken.be&#8217;, vous trouvez toujours les \u00e9ditions les plus r\u00e9centes. Mais le l\u00e9gislateur modifie et \/ ou adapte r\u00e9guli\u00e8rement le Code de la Route. Consultez donc le site <a href=\"http:\/\/www.bienconduire.be\/fr\/Courses\/derni%25c3%25a8res-modifications-de-la-loi\">web de l&#8217;\u00e9diteur<\/a>, afin de rester au courant des derniers changements \u00e0 la l\u00e9gislation traffic et de vous pr\u00e9parer de fa\u00e7on optimale \u00e0 l&#8217;examen officiel.<\/p>\n","protected":false},"excerpt":{"rendered":"<ul>\n<li>French Language<\/li>\n<li>Les mati\u00e8res officielles<\/li>\n<li>1<sup>i\u00e8me<\/sup> \u00e9dition<\/li>\n<li>200 pages<\/li>\n<\/ul>\n<p>Avec ce guide th\u00e9orique vous vous pr\u00e9parerez profond\u00e9ment pour l\u2019examen th\u00e9orique du permis de conduire A, A1, A2, AM. Vous apprenerez tout sur le code de la route ainsi que sur les panneaux de signalisation.<\/p>\n","protected":false},"featured_media":9177,"comment_status":"open","ping_status":"closed","template":"","meta":{"_acf_changed":false,"inline_featured_image":false},"product_brand":[],"product_cat":[812,825],"product_tag":[],"class_list":{"0":"post-9176","1":"product","2":"type-product","3":"status-publish","4":"has-post-thumbnail","6":"product_cat-theorie-du-moteur","7":"product_cat-theorie-du-scooter","9":"first","10":"outofstock","11":"taxable","12":"shipping-taxable","13":"purchasable","14":"product-type-simple"},"bundle_layout":"","bundle_add_to_cart_form_location":"","bundle_editable_in_cart":false,"bundle_sold_individually_context":"","bundle_item_grouping":"","bundle_min_size":"","bundle_max_size":"","bundled_by":[],"bundled_items":[],"acf":[],"yoast_head":"<!-- This site is optimized with the Yoast SEO plugin v26.6 - https:\/\/yoast.com\/wordpress\/plugins\/seo\/ -->\n<title>Guide th\u00e9orique Permis A et AM - Alletheorieboeken<\/title>\n<meta name=\"description\" content=\"Le guide th\u00e9orique pour le permis de conduire A + AM, Theorieboek Motor en Brommer Franstalig.\" \/>\n<meta name=\"robots\" content=\"index, follow, max-snippet:-1, max-image-preview:large, max-video-preview:-1\" \/>\n<link rel=\"canonical\" href=\"https:\/\/alletheorieboeken.be\/fr\/produit\/le-guide-theorique-pour-le-permis-de-conduire-a-am-new-traffic-books\/\" \/>\n<meta property=\"og:locale\" content=\"fr_FR\" \/>\n<meta property=\"og:type\" content=\"article\" \/>\n<meta property=\"og:title\" content=\"Guide th\u00e9orique Permis A et AM - Alletheorieboeken\" \/>\n<meta property=\"og:description\" content=\"Le guide th\u00e9orique pour le permis de conduire A + AM, Theorieboek Motor en Brommer Franstalig.\" \/>\n<meta property=\"og:url\" content=\"https:\/\/alletheorieboeken.be\/fr\/produit\/le-guide-theorique-pour-le-permis-de-conduire-a-am-new-traffic-books\/\" \/>\n<meta property=\"og:site_name\" content=\"Alletheorieboeken.be\" \/>\n<meta property=\"article:publisher\" content=\"https:\/\/nl-nl.facebook.com\/pages\/Alletheorieboekennl\/243542295657997\" \/>\n<meta property=\"article:modified_time\" content=\"2025-01-08T13:08:52+00:00\" \/>\n<meta property=\"og:image\" content=\"https:\/\/alletheorieboeken.be\/wp-content\/uploads\/2021\/03\/atbfant0101-voorkant.jpg\" \/>\n\t<meta property=\"og:image:width\" content=\"450\" \/>\n\t<meta property=\"og:image:height\" content=\"450\" \/>\n\t<meta property=\"og:image:type\" content=\"image\/jpeg\" \/>\n<meta name=\"twitter:card\" content=\"summary_large_image\" \/>\n<meta name=\"twitter:label1\" content=\"Dur\u00e9e de lecture estim\u00e9e\" \/>\n\t<meta name=\"twitter:data1\" content=\"1 minute\" \/>\n<script type=\"application\/ld+json\" class=\"yoast-schema-graph\">{\"@context\":\"https:\/\/schema.org\",\"@graph\":[{\"@type\":\"WebPage\",\"@id\":\"https:\/\/alletheorieboeken.be\/fr\/produit\/le-guide-theorique-pour-le-permis-de-conduire-a-am-new-traffic-books\/\",\"url\":\"https:\/\/alletheorieboeken.be\/fr\/produit\/le-guide-theorique-pour-le-permis-de-conduire-a-am-new-traffic-books\/\",\"name\":\"Guide th\u00e9orique Permis A et AM - Alletheorieboeken\",\"isPartOf\":{\"@id\":\"https:\/\/alletheorieboeken.be\/fr\/#website\"},\"primaryImageOfPage\":{\"@id\":\"https:\/\/alletheorieboeken.be\/fr\/produit\/le-guide-theorique-pour-le-permis-de-conduire-a-am-new-traffic-books\/#primaryimage\"},\"image\":{\"@id\":\"https:\/\/alletheorieboeken.be\/fr\/produit\/le-guide-theorique-pour-le-permis-de-conduire-a-am-new-traffic-books\/#primaryimage\"},\"thumbnailUrl\":\"https:\/\/alletheorieboeken.be\/wp-content\/uploads\/2021\/03\/atbfant0101-voorkant.jpg\",\"datePublished\":\"2021-03-04T10:47:53+00:00\",\"dateModified\":\"2025-01-08T13:08:52+00:00\",\"description\":\"Le guide th\u00e9orique pour le permis de conduire A + AM, Theorieboek Motor en Brommer Franstalig.\",\"breadcrumb\":{\"@id\":\"https:\/\/alletheorieboeken.be\/fr\/produit\/le-guide-theorique-pour-le-permis-de-conduire-a-am-new-traffic-books\/#breadcrumb\"},\"inLanguage\":\"fr-FR\",\"potentialAction\":[{\"@type\":\"ReadAction\",\"target\":[\"https:\/\/alletheorieboeken.be\/fr\/produit\/le-guide-theorique-pour-le-permis-de-conduire-a-am-new-traffic-books\/\"]}]},{\"@type\":\"ImageObject\",\"inLanguage\":\"fr-FR\",\"@id\":\"https:\/\/alletheorieboeken.be\/fr\/produit\/le-guide-theorique-pour-le-permis-de-conduire-a-am-new-traffic-books\/#primaryimage\",\"url\":\"https:\/\/alletheorieboeken.be\/wp-content\/uploads\/2021\/03\/atbfant0101-voorkant.jpg\",\"contentUrl\":\"https:\/\/alletheorieboeken.be\/wp-content\/uploads\/2021\/03\/atbfant0101-voorkant.jpg\",\"width\":450,\"height\":450},{\"@type\":\"BreadcrumbList\",\"@id\":\"https:\/\/alletheorieboeken.be\/fr\/produit\/le-guide-theorique-pour-le-permis-de-conduire-a-am-new-traffic-books\/#breadcrumb\",\"itemListElement\":[{\"@type\":\"ListItem\",\"position\":1,\"name\":\"Home\",\"item\":\"https:\/\/alletheorieboeken.be\/fr\/\"},{\"@type\":\"ListItem\",\"position\":2,\"name\":\"Shop\",\"item\":\"https:\/\/alletheorieboeken.be\/fr\/shop\/\"},{\"@type\":\"ListItem\",\"position\":3,\"name\":\"(oud) Le cyclomoteur et la motocyclette A\/Z: th\u00e9orie permis A+A3 &#8211; New Traffic Books\"}]},{\"@type\":\"WebSite\",\"@id\":\"https:\/\/alletheorieboeken.be\/fr\/#website\",\"url\":\"https:\/\/alletheorieboeken.be\/fr\/\",\"name\":\"Alletheorieboeken.be\",\"description\":\"\",\"publisher\":{\"@id\":\"https:\/\/alletheorieboeken.be\/fr\/#organization\"},\"potentialAction\":[{\"@type\":\"SearchAction\",\"target\":{\"@type\":\"EntryPoint\",\"urlTemplate\":\"https:\/\/alletheorieboeken.be\/fr\/?s={search_term_string}\"},\"query-input\":{\"@type\":\"PropertyValueSpecification\",\"valueRequired\":true,\"valueName\":\"search_term_string\"}}],\"inLanguage\":\"fr-FR\"},{\"@type\":\"Organization\",\"@id\":\"https:\/\/alletheorieboeken.be\/fr\/#organization\",\"name\":\"alletheorieboeken.be\",\"url\":\"https:\/\/alletheorieboeken.be\/fr\/\",\"logo\":{\"@type\":\"ImageObject\",\"inLanguage\":\"fr-FR\",\"@id\":\"https:\/\/alletheorieboeken.be\/fr\/#\/schema\/logo\/image\/\",\"url\":\"https:\/\/alletheorieboeken.be\/wp-content\/uploads\/2021\/03\/ATB.be-logo-2020-ZB.svg\",\"contentUrl\":\"https:\/\/alletheorieboeken.be\/wp-content\/uploads\/2021\/03\/ATB.be-logo-2020-ZB.svg\",\"width\":1024,\"height\":1024,\"caption\":\"alletheorieboeken.be\"},\"image\":{\"@id\":\"https:\/\/alletheorieboeken.be\/fr\/#\/schema\/logo\/image\/\"},\"sameAs\":[\"https:\/\/nl-nl.facebook.com\/pages\/Alletheorieboekennl\/243542295657997\",\"https:\/\/www.instagram.com\/alletheorieboeken.nl\/\"]}]}<\/script>\n<!-- \/ Yoast SEO plugin. -->","yoast_head_json":{"title":"Guide th\u00e9orique Permis A et AM - Alletheorieboeken","description":"Le guide th\u00e9orique pour le permis de conduire A + AM, Theorieboek Motor en Brommer Franstalig.","robots":{"index":"index","follow":"follow","max-snippet":"max-snippet:-1","max-image-preview":"max-image-preview:large","max-video-preview":"max-video-preview:-1"},"canonical":"https:\/\/alletheorieboeken.be\/fr\/produit\/le-guide-theorique-pour-le-permis-de-conduire-a-am-new-traffic-books\/","og_locale":"fr_FR","og_type":"article","og_title":"Guide th\u00e9orique Permis A et AM - Alletheorieboeken","og_description":"Le guide th\u00e9orique pour le permis de conduire A + AM, Theorieboek Motor en Brommer Franstalig.","og_url":"https:\/\/alletheorieboeken.be\/fr\/produit\/le-guide-theorique-pour-le-permis-de-conduire-a-am-new-traffic-books\/","og_site_name":"Alletheorieboeken.be","article_publisher":"https:\/\/nl-nl.facebook.com\/pages\/Alletheorieboekennl\/243542295657997","article_modified_time":"2025-01-08T13:08:52+00:00","og_image":[{"width":450,"height":450,"url":"https:\/\/alletheorieboeken.be\/wp-content\/uploads\/2021\/03\/atbfant0101-voorkant.jpg","type":"image\/jpeg"}],"twitter_card":"summary_large_image","twitter_misc":{"Dur\u00e9e de lecture estim\u00e9e":"1 minute"},"schema":{"@context":"https:\/\/schema.org","@graph":[{"@type":"WebPage","@id":"https:\/\/alletheorieboeken.be\/fr\/produit\/le-guide-theorique-pour-le-permis-de-conduire-a-am-new-traffic-books\/","url":"https:\/\/alletheorieboeken.be\/fr\/produit\/le-guide-theorique-pour-le-permis-de-conduire-a-am-new-traffic-books\/","name":"Guide th\u00e9orique Permis A et AM - Alletheorieboeken","isPartOf":{"@id":"https:\/\/alletheorieboeken.be\/fr\/#website"},"primaryImageOfPage":{"@id":"https:\/\/alletheorieboeken.be\/fr\/produit\/le-guide-theorique-pour-le-permis-de-conduire-a-am-new-traffic-books\/#primaryimage"},"image":{"@id":"https:\/\/alletheorieboeken.be\/fr\/produit\/le-guide-theorique-pour-le-permis-de-conduire-a-am-new-traffic-books\/#primaryimage"},"thumbnailUrl":"https:\/\/alletheorieboeken.be\/wp-content\/uploads\/2021\/03\/atbfant0101-voorkant.jpg","datePublished":"2021-03-04T10:47:53+00:00","dateModified":"2025-01-08T13:08:52+00:00","description":"Le guide th\u00e9orique pour le permis de conduire A + AM, Theorieboek Motor en Brommer Franstalig.","breadcrumb":{"@id":"https:\/\/alletheorieboeken.be\/fr\/produit\/le-guide-theorique-pour-le-permis-de-conduire-a-am-new-traffic-books\/#breadcrumb"},"inLanguage":"fr-FR","potentialAction":[{"@type":"ReadAction","target":["https:\/\/alletheorieboeken.be\/fr\/produit\/le-guide-theorique-pour-le-permis-de-conduire-a-am-new-traffic-books\/"]}]},{"@type":"ImageObject","inLanguage":"fr-FR","@id":"https:\/\/alletheorieboeken.be\/fr\/produit\/le-guide-theorique-pour-le-permis-de-conduire-a-am-new-traffic-books\/#primaryimage","url":"https:\/\/alletheorieboeken.be\/wp-content\/uploads\/2021\/03\/atbfant0101-voorkant.jpg","contentUrl":"https:\/\/alletheorieboeken.be\/wp-content\/uploads\/2021\/03\/atbfant0101-voorkant.jpg","width":450,"height":450},{"@type":"BreadcrumbList","@id":"https:\/\/alletheorieboeken.be\/fr\/produit\/le-guide-theorique-pour-le-permis-de-conduire-a-am-new-traffic-books\/#breadcrumb","itemListElement":[{"@type":"ListItem","position":1,"name":"Home","item":"https:\/\/alletheorieboeken.be\/fr\/"},{"@type":"ListItem","position":2,"name":"Shop","item":"https:\/\/alletheorieboeken.be\/fr\/shop\/"},{"@type":"ListItem","position":3,"name":"(oud) Le cyclomoteur et la motocyclette A\/Z: th\u00e9orie permis A+A3 &#8211; New Traffic Books"}]},{"@type":"WebSite","@id":"https:\/\/alletheorieboeken.be\/fr\/#website","url":"https:\/\/alletheorieboeken.be\/fr\/","name":"Alletheorieboeken.be","description":"","publisher":{"@id":"https:\/\/alletheorieboeken.be\/fr\/#organization"},"potentialAction":[{"@type":"SearchAction","target":{"@type":"EntryPoint","urlTemplate":"https:\/\/alletheorieboeken.be\/fr\/?s={search_term_string}"},"query-input":{"@type":"PropertyValueSpecification","valueRequired":true,"valueName":"search_term_string"}}],"inLanguage":"fr-FR"},{"@type":"Organization","@id":"https:\/\/alletheorieboeken.be\/fr\/#organization","name":"alletheorieboeken.be","url":"https:\/\/alletheorieboeken.be\/fr\/","logo":{"@type":"ImageObject","inLanguage":"fr-FR","@id":"https:\/\/alletheorieboeken.be\/fr\/#\/schema\/logo\/image\/","url":"https:\/\/alletheorieboeken.be\/wp-content\/uploads\/2021\/03\/ATB.be-logo-2020-ZB.svg","contentUrl":"https:\/\/alletheorieboeken.be\/wp-content\/uploads\/2021\/03\/ATB.be-logo-2020-ZB.svg","width":1024,"height":1024,"caption":"alletheorieboeken.be"},"image":{"@id":"https:\/\/alletheorieboeken.be\/fr\/#\/schema\/logo\/image\/"},"sameAs":["https:\/\/nl-nl.facebook.com\/pages\/Alletheorieboekennl\/243542295657997","https:\/\/www.instagram.com\/alletheorieboeken.nl\/"]}]}},"_links":{"self":[{"href":"https:\/\/alletheorieboeken.be\/fr\/wp-json\/wp\/v2\/product\/9176","targetHints":{"allow":["GET"]}}],"collection":[{"href":"https:\/\/alletheorieboeken.be\/fr\/wp-json\/wp\/v2\/product"}],"about":[{"href":"https:\/\/alletheorieboeken.be\/fr\/wp-json\/wp\/v2\/types\/product"}],"replies":[{"embeddable":true,"href":"https:\/\/alletheorieboeken.be\/fr\/wp-json\/wp\/v2\/comments?post=9176"}],"wp:featuredmedia":[{"embeddable":true,"href":"https:\/\/alletheorieboeken.be\/fr\/wp-json\/wp\/v2\/media\/9177"}],"wp:attachment":[{"href":"https:\/\/alletheorieboeken.be\/fr\/wp-json\/wp\/v2\/media?parent=9176"}],"wp:term":[{"taxonomy":"product_brand","embeddable":true,"href":"https:\/\/alletheorieboeken.be\/fr\/wp-json\/wp\/v2\/product_brand?post=9176"},{"taxonomy":"product_cat","embeddable":true,"href":"https:\/\/alletheorieboeken.be\/fr\/wp-json\/wp\/v2\/product_cat?post=9176"},{"taxonomy":"product_tag","embeddable":true,"href":"https:\/\/alletheorieboeken.be\/fr\/wp-json\/wp\/v2\/product_tag?post=9176"}],"curies":[{"name":"wp","href":"https:\/\/api.w.org\/{rel}","templated":true}]}}