{"id":9230,"date":"2021-03-04T11:47:37","date_gmt":"2021-03-04T10:47:37","guid":{"rendered":"https:\/\/alletheorieboeken.be\/product\/guide-theorique-permis-a-am\/"},"modified":"2021-09-16T17:32:52","modified_gmt":"2021-09-16T15:32:52","slug":"guide-theorique-permis-a-am","status":"publish","type":"product","link":"https:\/\/alletheorieboeken.be\/fr\/produit\/guide-theorique-permis-a-am\/","title":{"rendered":"Guide th\u00e9orique &#8211; Permis A + AM"},"content":{"rendered":"<p>Tout conducteur d&#8217;un v\u00e9hicule \u00e0 moteur circulant sur la voie publique doit \u00eatre titulaire d&#8217;un permis de conduire. Il doit pr\u00e9senter ce document \u00e0 toute requ\u00eate d&#8217;un agent qualifi\u00e9.<\/p>\n<p>La loi impose certaines conditions pour l&#8217;obtention du permis de conduire. La condition principale est la r\u00e9ussite a un examen th\u00e9orique et pratique, portant sur la connaissance des prescriptions l\u00e9gales et r\u00e9glementaires concernant la police de la circulation routi\u00e8re.<\/p>\n<p>Cet examen th\u00e9orique doit \u00eatre pr\u00e9sent\u00e9 dans un centre agr\u00e9\u00e9, apr\u00e8s une pr\u00e9paration individuelle, ou apr\u00e8s avoir suivi les cours th\u00e9oriques dispens\u00e9s par une \u00e9cole de conduite agr\u00e9\u00e9e.<\/p>\n<h2>La mati\u00e8re th\u00e9orique comprend<\/h2>\n<ul>\n<li>la l\u00e9gislation sur la police de la circulation routi\u00e8re<\/li>\n<li>le r\u00e8glement g\u00e9n\u00e9ral sur la police de la circulation routi\u00e8re<\/li>\n<li>un aper\u00e7u des infractions<\/li>\n<li>des notions de technique, n\u00e9cessaires \u00e0 la conduite d&#8217;un v\u00e9hicule<\/li>\n<li>des notions de premiers soins en cas d&#8217;accident<\/li>\n<li>la s\u00e9curit\u00e9 dans les tunnels<\/li>\n<li>les diverses techniques de pr\u00e9vention d&#8217;accidents<\/li>\n<li>les r\u00e8gles d&#8217;utilisation des v\u00e9hicules portant sur le respect de l&#8217;environnement<\/li>\n<li>le r\u00e8glement technique des cyclomoteurs et des motocyclettes<\/li>\n<\/ul>\n<p>Il est certain que, pour un usager moyen, la r\u00e9glementation routi\u00e8re est r\u00e9barbative ; il est quasi impossible d&#8217;en apprendre toutes les dispositions par coeur,<\/p>\n<p>Ce manuel a, d\u00e8s lors, pour but d&#8217;offrir une aide au candidat-conducteur qui pr\u00e9pare l&#8217;examen du Code de la Route ou de permettre \u00e0 l&#8217;instructeur dispensant des cours de circulation routi\u00e8re d&#8217;expliquer les textes l\u00e9gaux de fa\u00e7on simple et claire. Le manuel accompagne le conducteur d\u00e8s son installation aux commandes d&#8217;un v\u00e9hicule &#8211; dans toutes les situations et tous les probl\u00e8mes de trafic imaginables &#8211; jusqu&#8217;\u00e0 l&#8217;immobilisation du v\u00e9hicule. Dans ce contexte, le manuel<br \/>\nconstitue un moyen d&#8217;apprentissage et d&#8217;assistance id\u00e9al.<\/p>\n<p>\u00cates-vous candidat au permis de conduire A3, au permis de conduire cyclomoteur de la classe B ? Dans ce cas, vous devez conna\u00cetre toute la mati\u00e8re de ce manuel, sauf celle concernant sp\u00e9cifiquement la motocyclette.<\/p>\n<p>Vous trouverez dans les s\u00e9ries d&#8217;exercices A. Bet C, 40 questions concernant le permis de conduire A3.<\/p>\n<p>\u00cates-vous candidat au permis de conduire de cat\u00e9gorie A, le permis de conduire pour la motocyclette ? Alors, vous devez conna\u00cetre toute la mati\u00e8re de ce manuel. Les explications concernant le cyclomoteur ne sont pas explicitement des<br \/>\nsujets d&#8217;examen, mais le permis de conduire A vous permet de rouler avec un cyclomoteur.<\/p>\n<p>Vous trouverez dans les s\u00e9ries d&#8217;exercices 0, Eet F, 50 questions concernant le permis de conduire A.<\/p>\n<p>Tout candidat doit \u00eatre inscrit en Belgique et doit pouvoir pr\u00e9senter sa carte d&#8217;identit\u00e9 au moment de passer l&#8217;examen th\u00e9orique.<\/p>\n<h2>Toujours le Code de la Route mis \u00e0 jour<\/h2>\n<p>Chez &#8216;Alletheorieboeken.be&#8217;, vous trouvez toujours les \u00e9ditions les plus r\u00e9centes. Mais le l\u00e9gislateur modifie et \/ ou adapte r\u00e9guli\u00e8rement le Code de la Route. Consultez donc le site <a href=\"http:\/\/www.connaitreconduire.be\">www.connaitreconduire.be<\/a>, afin de rester au courant des derniers changements \u00e0 la l\u00e9gislation traffic et de vous pr\u00e9parer de fa\u00e7on optimale \u00e0 l&#8217;examen officiel.<\/p>\n","protected":false},"excerpt":{"rendered":"<ul>\n<li>Photos, dessins en 3D<\/li>\n<li>Points d&#8217;attention sp\u00e9cifiques pour motocyclistes<\/li>\n<li>Conseils pratiques pour la conduite &#8216;vraie&#8217;<\/li>\n<li>Des questions d&#8217;exercices apr\u00e8s les chapitres<\/li>\n<\/ul>\n<p>Ce guide est unique en son genre sur le march\u00e9 belge. Les auteurs sont des motocyclistes chevronn\u00e9s et cela se ressent! Qui ne r\u00eave pas de faire des sorties \u00e0 moto ou \u00e0 cyclomoteur, de partir en vacances, d&#8217;\u00e9viter les files..?<br \/>\nCe guide manuel est la pr\u00e9paration id\u00e9ale \u00e0 l&#8217;examen th\u00e9orique pour l&#8217;obtention du permis A (moto) ou AM (cyclomoteur). Il contient toute la mati\u00e8re de l&#8217;examen, pr\u00e9sent\u00e9e de fa\u00e7on simple et actuelle. Avec des examens d&#8217;essai comprenant des centaines de questions.<\/p>\n","protected":false},"featured_media":9231,"comment_status":"closed","ping_status":"closed","template":"","meta":{"_acf_changed":false,"inline_featured_image":false},"product_brand":[],"product_cat":[812],"product_tag":[],"class_list":{"0":"post-9230","1":"product","2":"type-product","3":"status-publish","4":"has-post-thumbnail","6":"product_cat-theorie-du-moteur","8":"first","9":"outofstock","10":"taxable","11":"shipping-taxable","12":"purchasable","13":"product-type-simple"},"bundle_layout":"","bundle_add_to_cart_form_location":"","bundle_editable_in_cart":false,"bundle_sold_individually_context":"","bundle_item_grouping":"","bundle_min_size":"","bundle_max_size":"","bundled_by":[],"bundled_items":[],"acf":[],"yoast_head":"<!-- This site is optimized with the Yoast SEO plugin v26.6 - https:\/\/yoast.com\/wordpress\/plugins\/seo\/ -->\n<title>Guide th\u00e9orique Permis A + AM - Alletheorieboeken<\/title>\n<meta name=\"description\" content=\"Guide th\u00e9orique Permis de conduire A + AM, toutes les situations de trafic, Theorieboek Franstalig.\" \/>\n<meta name=\"robots\" content=\"index, follow, max-snippet:-1, max-image-preview:large, max-video-preview:-1\" \/>\n<link rel=\"canonical\" href=\"https:\/\/alletheorieboeken.be\/fr\/produit\/guide-theorique-permis-a-am\/\" \/>\n<meta property=\"og:locale\" content=\"fr_FR\" \/>\n<meta property=\"og:type\" content=\"article\" \/>\n<meta property=\"og:title\" content=\"Guide th\u00e9orique Permis A + AM - Alletheorieboeken\" \/>\n<meta property=\"og:description\" content=\"Guide th\u00e9orique Permis de conduire A + AM, toutes les situations de trafic, Theorieboek Franstalig.\" \/>\n<meta property=\"og:url\" content=\"https:\/\/alletheorieboeken.be\/fr\/produit\/guide-theorique-permis-a-am\/\" \/>\n<meta property=\"og:site_name\" content=\"Alletheorieboeken.be\" \/>\n<meta property=\"article:publisher\" content=\"https:\/\/nl-nl.facebook.com\/pages\/Alletheorieboekennl\/243542295657997\" \/>\n<meta property=\"article:modified_time\" content=\"2021-09-16T15:32:52+00:00\" \/>\n<meta property=\"og:image\" content=\"https:\/\/alletheorieboeken.be\/wp-content\/uploads\/2021\/03\/Le-guide-theorique-pour-le-permis-de-conduire-A-AM-New-Traffic-Books-copy.jpg\" \/>\n\t<meta property=\"og:image:width\" content=\"450\" \/>\n\t<meta property=\"og:image:height\" content=\"450\" \/>\n\t<meta property=\"og:image:type\" content=\"image\/jpeg\" \/>\n<meta name=\"twitter:card\" content=\"summary_large_image\" \/>\n<meta name=\"twitter:label1\" content=\"Dur\u00e9e de lecture estim\u00e9e\" \/>\n\t<meta name=\"twitter:data1\" content=\"3 minutes\" \/>\n<script type=\"application\/ld+json\" class=\"yoast-schema-graph\">{\"@context\":\"https:\/\/schema.org\",\"@graph\":[{\"@type\":\"WebPage\",\"@id\":\"https:\/\/alletheorieboeken.be\/fr\/produit\/guide-theorique-permis-a-am\/\",\"url\":\"https:\/\/alletheorieboeken.be\/fr\/produit\/guide-theorique-permis-a-am\/\",\"name\":\"Guide th\u00e9orique Permis A + AM - Alletheorieboeken\",\"isPartOf\":{\"@id\":\"https:\/\/alletheorieboeken.be\/fr\/#website\"},\"primaryImageOfPage\":{\"@id\":\"https:\/\/alletheorieboeken.be\/fr\/produit\/guide-theorique-permis-a-am\/#primaryimage\"},\"image\":{\"@id\":\"https:\/\/alletheorieboeken.be\/fr\/produit\/guide-theorique-permis-a-am\/#primaryimage\"},\"thumbnailUrl\":\"https:\/\/alletheorieboeken.be\/wp-content\/uploads\/2021\/03\/Le-guide-theorique-pour-le-permis-de-conduire-A-AM-New-Traffic-Books-copy.jpg\",\"datePublished\":\"2021-03-04T10:47:37+00:00\",\"dateModified\":\"2021-09-16T15:32:52+00:00\",\"description\":\"Guide th\u00e9orique Permis de conduire A + AM, toutes les situations de trafic, Theorieboek Franstalig.\",\"breadcrumb\":{\"@id\":\"https:\/\/alletheorieboeken.be\/fr\/produit\/guide-theorique-permis-a-am\/#breadcrumb\"},\"inLanguage\":\"fr-FR\",\"potentialAction\":[{\"@type\":\"ReadAction\",\"target\":[\"https:\/\/alletheorieboeken.be\/fr\/produit\/guide-theorique-permis-a-am\/\"]}]},{\"@type\":\"ImageObject\",\"inLanguage\":\"fr-FR\",\"@id\":\"https:\/\/alletheorieboeken.be\/fr\/produit\/guide-theorique-permis-a-am\/#primaryimage\",\"url\":\"https:\/\/alletheorieboeken.be\/wp-content\/uploads\/2021\/03\/Le-guide-theorique-pour-le-permis-de-conduire-A-AM-New-Traffic-Books-copy.jpg\",\"contentUrl\":\"https:\/\/alletheorieboeken.be\/wp-content\/uploads\/2021\/03\/Le-guide-theorique-pour-le-permis-de-conduire-A-AM-New-Traffic-Books-copy.jpg\",\"width\":450,\"height\":450},{\"@type\":\"BreadcrumbList\",\"@id\":\"https:\/\/alletheorieboeken.be\/fr\/produit\/guide-theorique-permis-a-am\/#breadcrumb\",\"itemListElement\":[{\"@type\":\"ListItem\",\"position\":1,\"name\":\"Home\",\"item\":\"https:\/\/alletheorieboeken.be\/fr\/\"},{\"@type\":\"ListItem\",\"position\":2,\"name\":\"Shop\",\"item\":\"https:\/\/alletheorieboeken.be\/fr\/shop\/\"},{\"@type\":\"ListItem\",\"position\":3,\"name\":\"Guide th\u00e9orique &#8211; Permis A + AM\"}]},{\"@type\":\"WebSite\",\"@id\":\"https:\/\/alletheorieboeken.be\/fr\/#website\",\"url\":\"https:\/\/alletheorieboeken.be\/fr\/\",\"name\":\"Alletheorieboeken.be\",\"description\":\"\",\"publisher\":{\"@id\":\"https:\/\/alletheorieboeken.be\/fr\/#organization\"},\"potentialAction\":[{\"@type\":\"SearchAction\",\"target\":{\"@type\":\"EntryPoint\",\"urlTemplate\":\"https:\/\/alletheorieboeken.be\/fr\/?s={search_term_string}\"},\"query-input\":{\"@type\":\"PropertyValueSpecification\",\"valueRequired\":true,\"valueName\":\"search_term_string\"}}],\"inLanguage\":\"fr-FR\"},{\"@type\":\"Organization\",\"@id\":\"https:\/\/alletheorieboeken.be\/fr\/#organization\",\"name\":\"alletheorieboeken.be\",\"url\":\"https:\/\/alletheorieboeken.be\/fr\/\",\"logo\":{\"@type\":\"ImageObject\",\"inLanguage\":\"fr-FR\",\"@id\":\"https:\/\/alletheorieboeken.be\/fr\/#\/schema\/logo\/image\/\",\"url\":\"https:\/\/alletheorieboeken.be\/wp-content\/uploads\/2021\/03\/ATB.be-logo-2020-ZB.svg\",\"contentUrl\":\"https:\/\/alletheorieboeken.be\/wp-content\/uploads\/2021\/03\/ATB.be-logo-2020-ZB.svg\",\"width\":1024,\"height\":1024,\"caption\":\"alletheorieboeken.be\"},\"image\":{\"@id\":\"https:\/\/alletheorieboeken.be\/fr\/#\/schema\/logo\/image\/\"},\"sameAs\":[\"https:\/\/nl-nl.facebook.com\/pages\/Alletheorieboekennl\/243542295657997\",\"https:\/\/www.instagram.com\/alletheorieboeken.nl\/\"]}]}<\/script>\n<!-- \/ Yoast SEO plugin. -->","yoast_head_json":{"title":"Guide th\u00e9orique Permis A + AM - Alletheorieboeken","description":"Guide th\u00e9orique Permis de conduire A + AM, toutes les situations de trafic, Theorieboek Franstalig.","robots":{"index":"index","follow":"follow","max-snippet":"max-snippet:-1","max-image-preview":"max-image-preview:large","max-video-preview":"max-video-preview:-1"},"canonical":"https:\/\/alletheorieboeken.be\/fr\/produit\/guide-theorique-permis-a-am\/","og_locale":"fr_FR","og_type":"article","og_title":"Guide th\u00e9orique Permis A + AM - Alletheorieboeken","og_description":"Guide th\u00e9orique Permis de conduire A + AM, toutes les situations de trafic, Theorieboek Franstalig.","og_url":"https:\/\/alletheorieboeken.be\/fr\/produit\/guide-theorique-permis-a-am\/","og_site_name":"Alletheorieboeken.be","article_publisher":"https:\/\/nl-nl.facebook.com\/pages\/Alletheorieboekennl\/243542295657997","article_modified_time":"2021-09-16T15:32:52+00:00","og_image":[{"width":450,"height":450,"url":"https:\/\/alletheorieboeken.be\/wp-content\/uploads\/2021\/03\/Le-guide-theorique-pour-le-permis-de-conduire-A-AM-New-Traffic-Books-copy.jpg","type":"image\/jpeg"}],"twitter_card":"summary_large_image","twitter_misc":{"Dur\u00e9e de lecture estim\u00e9e":"3 minutes"},"schema":{"@context":"https:\/\/schema.org","@graph":[{"@type":"WebPage","@id":"https:\/\/alletheorieboeken.be\/fr\/produit\/guide-theorique-permis-a-am\/","url":"https:\/\/alletheorieboeken.be\/fr\/produit\/guide-theorique-permis-a-am\/","name":"Guide th\u00e9orique Permis A + AM - Alletheorieboeken","isPartOf":{"@id":"https:\/\/alletheorieboeken.be\/fr\/#website"},"primaryImageOfPage":{"@id":"https:\/\/alletheorieboeken.be\/fr\/produit\/guide-theorique-permis-a-am\/#primaryimage"},"image":{"@id":"https:\/\/alletheorieboeken.be\/fr\/produit\/guide-theorique-permis-a-am\/#primaryimage"},"thumbnailUrl":"https:\/\/alletheorieboeken.be\/wp-content\/uploads\/2021\/03\/Le-guide-theorique-pour-le-permis-de-conduire-A-AM-New-Traffic-Books-copy.jpg","datePublished":"2021-03-04T10:47:37+00:00","dateModified":"2021-09-16T15:32:52+00:00","description":"Guide th\u00e9orique Permis de conduire A + AM, toutes les situations de trafic, Theorieboek Franstalig.","breadcrumb":{"@id":"https:\/\/alletheorieboeken.be\/fr\/produit\/guide-theorique-permis-a-am\/#breadcrumb"},"inLanguage":"fr-FR","potentialAction":[{"@type":"ReadAction","target":["https:\/\/alletheorieboeken.be\/fr\/produit\/guide-theorique-permis-a-am\/"]}]},{"@type":"ImageObject","inLanguage":"fr-FR","@id":"https:\/\/alletheorieboeken.be\/fr\/produit\/guide-theorique-permis-a-am\/#primaryimage","url":"https:\/\/alletheorieboeken.be\/wp-content\/uploads\/2021\/03\/Le-guide-theorique-pour-le-permis-de-conduire-A-AM-New-Traffic-Books-copy.jpg","contentUrl":"https:\/\/alletheorieboeken.be\/wp-content\/uploads\/2021\/03\/Le-guide-theorique-pour-le-permis-de-conduire-A-AM-New-Traffic-Books-copy.jpg","width":450,"height":450},{"@type":"BreadcrumbList","@id":"https:\/\/alletheorieboeken.be\/fr\/produit\/guide-theorique-permis-a-am\/#breadcrumb","itemListElement":[{"@type":"ListItem","position":1,"name":"Home","item":"https:\/\/alletheorieboeken.be\/fr\/"},{"@type":"ListItem","position":2,"name":"Shop","item":"https:\/\/alletheorieboeken.be\/fr\/shop\/"},{"@type":"ListItem","position":3,"name":"Guide th\u00e9orique &#8211; Permis A + AM"}]},{"@type":"WebSite","@id":"https:\/\/alletheorieboeken.be\/fr\/#website","url":"https:\/\/alletheorieboeken.be\/fr\/","name":"Alletheorieboeken.be","description":"","publisher":{"@id":"https:\/\/alletheorieboeken.be\/fr\/#organization"},"potentialAction":[{"@type":"SearchAction","target":{"@type":"EntryPoint","urlTemplate":"https:\/\/alletheorieboeken.be\/fr\/?s={search_term_string}"},"query-input":{"@type":"PropertyValueSpecification","valueRequired":true,"valueName":"search_term_string"}}],"inLanguage":"fr-FR"},{"@type":"Organization","@id":"https:\/\/alletheorieboeken.be\/fr\/#organization","name":"alletheorieboeken.be","url":"https:\/\/alletheorieboeken.be\/fr\/","logo":{"@type":"ImageObject","inLanguage":"fr-FR","@id":"https:\/\/alletheorieboeken.be\/fr\/#\/schema\/logo\/image\/","url":"https:\/\/alletheorieboeken.be\/wp-content\/uploads\/2021\/03\/ATB.be-logo-2020-ZB.svg","contentUrl":"https:\/\/alletheorieboeken.be\/wp-content\/uploads\/2021\/03\/ATB.be-logo-2020-ZB.svg","width":1024,"height":1024,"caption":"alletheorieboeken.be"},"image":{"@id":"https:\/\/alletheorieboeken.be\/fr\/#\/schema\/logo\/image\/"},"sameAs":["https:\/\/nl-nl.facebook.com\/pages\/Alletheorieboekennl\/243542295657997","https:\/\/www.instagram.com\/alletheorieboeken.nl\/"]}]}},"_links":{"self":[{"href":"https:\/\/alletheorieboeken.be\/fr\/wp-json\/wp\/v2\/product\/9230","targetHints":{"allow":["GET"]}}],"collection":[{"href":"https:\/\/alletheorieboeken.be\/fr\/wp-json\/wp\/v2\/product"}],"about":[{"href":"https:\/\/alletheorieboeken.be\/fr\/wp-json\/wp\/v2\/types\/product"}],"replies":[{"embeddable":true,"href":"https:\/\/alletheorieboeken.be\/fr\/wp-json\/wp\/v2\/comments?post=9230"}],"wp:featuredmedia":[{"embeddable":true,"href":"https:\/\/alletheorieboeken.be\/fr\/wp-json\/wp\/v2\/media\/9231"}],"wp:attachment":[{"href":"https:\/\/alletheorieboeken.be\/fr\/wp-json\/wp\/v2\/media?parent=9230"}],"wp:term":[{"taxonomy":"product_brand","embeddable":true,"href":"https:\/\/alletheorieboeken.be\/fr\/wp-json\/wp\/v2\/product_brand?post=9230"},{"taxonomy":"product_cat","embeddable":true,"href":"https:\/\/alletheorieboeken.be\/fr\/wp-json\/wp\/v2\/product_cat?post=9230"},{"taxonomy":"product_tag","embeddable":true,"href":"https:\/\/alletheorieboeken.be\/fr\/wp-json\/wp\/v2\/product_tag?post=9230"}],"curies":[{"name":"wp","href":"https:\/\/api.w.org\/{rel}","templated":true}]}}