{"id":9234,"date":"2021-03-04T11:47:36","date_gmt":"2021-03-04T10:47:36","guid":{"rendered":"https:\/\/alletheorieboeken.be\/product\/guide-theorique-permis-de-conduire-c-d\/"},"modified":"2026-01-21T14:23:54","modified_gmt":"2026-01-21T13:23:54","slug":"guide-theorique-permis-de-conduire-c-d","status":"publish","type":"product","link":"https:\/\/alletheorieboeken.be\/fr\/produit\/guide-theorique-permis-de-conduire-c-d\/","title":{"rendered":"Guide th\u00e9orique &#8211; Permis de conduire C + D (FR)"},"content":{"rendered":"<p>Tout conducteur d&#8217;un v\u00e9hicule \u00e0 moteur circulant sur la voie publique doit etre titulaire d\u2019un permis de conduire. Avant qu&#8217;un permis de conduire C, C1 (entre autres pour les camions) ou <a href=\"https:\/\/alletheorieboeken.be\/fr\/categorie-produit\/chauffeur-professionnel\/bus-fr\/\"><strong>D, D1 (autobus et autocar)<\/strong><\/a> ne soit d\u00e9livr\u00e9, plusieurs conditions l\u00e9gales doivent \u00eatre remplies, dont la plus importante est la r\u00e9ussite \u00e0 un examen th\u00e9orique et pratique portant sur la connaissance des dispositions l\u00e9gales et r\u00e9glementaires concernent la police de la circulation routi\u00e8re.<\/p>\n<p>Cet examen th\u00e9orique doit \u00eatre pr\u00e9sent\u00e9 dans un centre agr\u00e9\u00e9, apr\u00e8s une pr\u00e9paration individuelle ou apr\u00e8s avoir suivi les cours <a href=\"https:\/\/alletheorieboeken.be\/vrachtwagen\/\">th\u00e9oriques<\/a> dispens\u00e9s par une \u00e9cole de conduite agr\u00e9\u00e9e.<\/p>\n<h2>La mati\u00e8re th\u00e9orique inclut<\/h2>\n<ul>\n<li>le r\u00e8glement g\u00e9n\u00e9ral sur la police de la circulation routi\u00e8re (code de la route)<\/li>\n<li>la l\u00e9gislation sur la police de la circulation routi\u00e8re<\/li>\n<li>un aper\u00e7u des infractions routi\u00e8res<\/li>\n<li>un comportement d\u00e9fensif au volant et une vision g\u00e9n\u00e9rale du trafic<\/li>\n<li>connaissance des cons\u00e9quences de la consommation d&#8217;alcool, de drogues et de m\u00e9dicaments<\/li>\n<li>la r\u00e9glementation relative aux obligations administratives<\/li>\n<li>la r\u00e9glementation relative aux temps de conduite et de repos et l&#8217;utilisation du tachygraphe<\/li>\n<li>les r\u00e8gles \u00e0 suivre en cas d&#8217;accident et dans les tunnels<\/li>\n<li>les exigences de s\u00e9curit\u00e9 relatives \u00e0 l&#8217;embarquement de personnes dans le v\u00e9hicule ou \u00e0 leur transport<\/li>\n<li>la connaissance technique (de l&#8217;entretien) des v\u00e9hicules et leurs dispositifs de s\u00e9curit\u00e9<\/li>\n<li>les r\u00e8gles permettant une utilisation \u00e9cologique du v\u00e9hicule<\/li>\n<\/ul>\n<h2>L\u2019examen th\u00e9orique<\/h2>\n<p>L\u2019examen th\u00e9orique portant sur le code de la route se compose de 50 questions \u00e0 choix multiple. Vous disposez de 50 minutes pour r\u00e9pondre \u00e0 toutes les questions et dans ce temps imparti, vous pouvez librement naviguer entre toutes les questions et \u00e9ventuellement v\u00e9rifier ou corriger vos r\u00e9ponses. Il n&#8217;y a aucune limite de temps par question. Pour r\u00e9ussir, vous devez obtenir une note minimale de 41 sur 50.<\/p>\n<p>L\u2019examen th\u00e9orique combin\u00e9 portant sur le code de la route et l&#8217;aptitude professionnelle se compose de trois parties, que vous pouvez pr\u00e9senter le m\u00eame jour, ou s\u00e9par\u00e9ment.<\/p>\n<ol>\n<li>Un examen comportant 100 questions \u00e0 choix multiple, dont 50 sur le code de la route et 50 sur l&#8217;aptitude professionnelle. Vous disposez de 100 minutes pour r\u00e9pondre \u00e0 toutes les questions et dans ce temps imparti, vous pouvez librement naviguer entre toutes les questions et \u00e9ventuellement v\u00e9rifier ou corriger vos r\u00e9ponses. Il n&#8217;y a aucune limite de temps par question. Pour r\u00e9ussir, vous devez obtenir une note minimale de 40 sur 50 \u00e0 chaque partie.<\/li>\n<li>Un examen comportant huit \u00e9tudes de cas, comportant chacune cinq questions \u00e0 choix multiple. Vous disposez de 80 minutes pour r\u00e9pondre au total \u00e0 40 questions. \u00c0 chaque cas, vous pouvez r\u00e9pondre aux questions dans l&#8217;ordre de votre choix. Pour r\u00e9ussir, vous devez obtenir une note minimale de 32 sur 40.<\/li>\n<li>Un test oral de 10 questions, lors duquel l&#8217;examinateur indique \u00e0 chaque fois le nombre minimum de r\u00e9ponses que vous devez donner. Vous pouvez pr\u00e9parer les questions par \u00e9crit et vous disposez de 60 minutes pour l&#8217;ensemble du test. Pour r\u00e9ussir, vous devez obtenir une note minimale de 80 sur 100 (chaque question vaut 10 points)<\/li>\n<\/ol>\n<p>L\u2019examen th\u00e9orique sur l&#8217;aptitude professionnelle porte aussi sur ces trois parties, mais les 100 questions \u00e0 choix multiple portent toutes sur l&#8217;aptitude professionnelle. Pour r\u00e9ussir, vous devez obtenir une note minimale de 80 sur 100.<\/p>\n<p>Tout candidat doit \u00eatre inscrit en Belgique et doit pouvoir pr\u00e9senter sa carte d&#8217;identit\u00e9 au moment de pr\u00e9senter l&#8217;examen th\u00e9orique.<\/p>\n<h2>Toujours le Code de la Route mis \u00e0 jour<\/h2>\n<p>Chez &#8216;Alletheorieboeken.be&#8217;, vous trouvez toujours les \u00e9ditions les plus r\u00e9centes. Mais le l\u00e9gislateur modifie et \/ ou adapte r\u00e9guli\u00e8rement le Code de la Route. Consultez donc le site <a href=\"http:\/\/www.connaitreconduire.be\">www.connaitreconduire.be<\/a>, afin de rester au courant des derniers changements \u00e0 la l\u00e9gislation traffic et de vous pr\u00e9parer de fa\u00e7on optimale \u00e0 l&#8217;examen officiel.<\/p>\n","protected":false},"excerpt":{"rendered":"<ul>\n<li>French language<\/li>\n<li>Le code de la route par th\u00e8me<\/li>\n<li>Des photos, des dessins en 3D<\/li>\n<li>Des questions d&#8217;exercices apr\u00e8s les chapitres<\/li>\n<li>Des examens d&#8217;essai comprenant des centaines de questions<\/li>\n<\/ul>\n<p>L&#8217;aide indispensable pour tous ceux qui se pr\u00e9parent \u00e0 l&#8217;examen th\u00e9orique camion, autobus ou autocar. Toute la mati\u00e8re actuelle impos\u00e9e pour l&#8217;examen du code de la route, concentr\u00e9e sur le transport de personnes et de marchandises.<\/p>\n","protected":false},"featured_media":10276,"comment_status":"open","ping_status":"closed","template":"","meta":{"_acf_changed":false,"inline_featured_image":false},"product_brand":[],"product_cat":[1386,1387,796,797,803],"product_tag":[],"class_list":{"0":"post-9234","1":"product","2":"type-product","3":"status-publish","4":"has-post-thumbnail","6":"product_cat-driving-theory-fr","7":"product_cat-truck-and-bus-theory-fr","8":"product_cat-chauffeur-professionnel","9":"product_cat-bus-fr","10":"product_cat-camion","12":"first","13":"instock","14":"taxable","15":"shipping-taxable","16":"purchasable","17":"product-type-simple"},"bundle_layout":"","bundle_add_to_cart_form_location":"","bundle_editable_in_cart":false,"bundle_sold_individually_context":"","bundle_item_grouping":"","bundle_min_size":"","bundle_max_size":"","bundled_by":[],"bundled_items":[],"acf":[],"yoast_head":"<!-- This site is optimized with the Yoast SEO plugin v26.6 - https:\/\/yoast.com\/wordpress\/plugins\/seo\/ -->\n<title>Guide th\u00e9orique permis C + D - Alletheorieboeken<\/title>\n<meta name=\"description\" content=\"Manuel theoorique pour les permis C et D s&#039;adresse \u00c3 toute personne souhaitant obtenir un permis de conduire C1, C, D1 ou D. Pour l&#039;examen th\u00c3\u00a9orique sur le code de la route.\" \/>\n<meta name=\"robots\" content=\"index, follow, max-snippet:-1, max-image-preview:large, max-video-preview:-1\" \/>\n<link rel=\"canonical\" href=\"https:\/\/alletheorieboeken.be\/fr\/produit\/guide-theorique-permis-de-conduire-c-d\/\" \/>\n<meta property=\"og:locale\" content=\"fr_FR\" \/>\n<meta property=\"og:type\" content=\"article\" \/>\n<meta property=\"og:title\" content=\"Guide th\u00e9orique permis C + D - Alletheorieboeken\" \/>\n<meta property=\"og:description\" content=\"Manuel theoorique pour les permis C et D s&#039;adresse \u00c3 toute personne souhaitant obtenir un permis de conduire C1, C, D1 ou D. Pour l&#039;examen th\u00c3\u00a9orique sur le code de la route.\" \/>\n<meta property=\"og:url\" content=\"https:\/\/alletheorieboeken.be\/fr\/produit\/guide-theorique-permis-de-conduire-c-d\/\" \/>\n<meta property=\"og:site_name\" content=\"Alletheorieboeken.be\" \/>\n<meta property=\"article:publisher\" content=\"https:\/\/nl-nl.facebook.com\/pages\/Alletheorieboekennl\/243542295657997\" \/>\n<meta property=\"article:modified_time\" content=\"2026-01-21T13:23:54+00:00\" \/>\n<meta property=\"og:image\" content=\"https:\/\/alletheorieboeken.be\/wp-content\/uploads\/2021\/03\/cd_cover_1.jpg\" \/>\n\t<meta property=\"og:image:width\" content=\"940\" \/>\n\t<meta property=\"og:image:height\" content=\"587\" \/>\n\t<meta property=\"og:image:type\" content=\"image\/jpeg\" \/>\n<meta name=\"twitter:card\" content=\"summary_large_image\" \/>\n<meta name=\"twitter:label1\" content=\"Dur\u00e9e de lecture estim\u00e9e\" \/>\n\t<meta name=\"twitter:data1\" content=\"3 minutes\" \/>\n<script type=\"application\/ld+json\" class=\"yoast-schema-graph\">{\"@context\":\"https:\/\/schema.org\",\"@graph\":[{\"@type\":\"WebPage\",\"@id\":\"https:\/\/alletheorieboeken.be\/fr\/produit\/guide-theorique-permis-de-conduire-c-d\/\",\"url\":\"https:\/\/alletheorieboeken.be\/fr\/produit\/guide-theorique-permis-de-conduire-c-d\/\",\"name\":\"Guide th\u00e9orique permis C + D - Alletheorieboeken\",\"isPartOf\":{\"@id\":\"https:\/\/alletheorieboeken.be\/fr\/#website\"},\"primaryImageOfPage\":{\"@id\":\"https:\/\/alletheorieboeken.be\/fr\/produit\/guide-theorique-permis-de-conduire-c-d\/#primaryimage\"},\"image\":{\"@id\":\"https:\/\/alletheorieboeken.be\/fr\/produit\/guide-theorique-permis-de-conduire-c-d\/#primaryimage\"},\"thumbnailUrl\":\"https:\/\/alletheorieboeken.be\/wp-content\/uploads\/2021\/03\/cd_cover_1.jpg\",\"datePublished\":\"2021-03-04T10:47:36+00:00\",\"dateModified\":\"2026-01-21T13:23:54+00:00\",\"description\":\"Manuel theoorique pour les permis C et D s'adresse \u00c3 toute personne souhaitant obtenir un permis de conduire C1, C, D1 ou D. Pour l'examen th\u00c3\u00a9orique sur le code de la route.\",\"breadcrumb\":{\"@id\":\"https:\/\/alletheorieboeken.be\/fr\/produit\/guide-theorique-permis-de-conduire-c-d\/#breadcrumb\"},\"inLanguage\":\"fr-FR\",\"potentialAction\":[{\"@type\":\"ReadAction\",\"target\":[\"https:\/\/alletheorieboeken.be\/fr\/produit\/guide-theorique-permis-de-conduire-c-d\/\"]}]},{\"@type\":\"ImageObject\",\"inLanguage\":\"fr-FR\",\"@id\":\"https:\/\/alletheorieboeken.be\/fr\/produit\/guide-theorique-permis-de-conduire-c-d\/#primaryimage\",\"url\":\"https:\/\/alletheorieboeken.be\/wp-content\/uploads\/2021\/03\/cd_cover_1.jpg\",\"contentUrl\":\"https:\/\/alletheorieboeken.be\/wp-content\/uploads\/2021\/03\/cd_cover_1.jpg\",\"width\":940,\"height\":587,\"caption\":\"Aptitude Professionnelle D\"},{\"@type\":\"BreadcrumbList\",\"@id\":\"https:\/\/alletheorieboeken.be\/fr\/produit\/guide-theorique-permis-de-conduire-c-d\/#breadcrumb\",\"itemListElement\":[{\"@type\":\"ListItem\",\"position\":1,\"name\":\"Home\",\"item\":\"https:\/\/alletheorieboeken.be\/fr\/\"},{\"@type\":\"ListItem\",\"position\":2,\"name\":\"Shop\",\"item\":\"https:\/\/alletheorieboeken.be\/fr\/shop\/\"},{\"@type\":\"ListItem\",\"position\":3,\"name\":\"Guide th\u00e9orique &#8211; Permis de conduire C + D (FR)\"}]},{\"@type\":\"WebSite\",\"@id\":\"https:\/\/alletheorieboeken.be\/fr\/#website\",\"url\":\"https:\/\/alletheorieboeken.be\/fr\/\",\"name\":\"Alletheorieboeken.be\",\"description\":\"\",\"publisher\":{\"@id\":\"https:\/\/alletheorieboeken.be\/fr\/#organization\"},\"potentialAction\":[{\"@type\":\"SearchAction\",\"target\":{\"@type\":\"EntryPoint\",\"urlTemplate\":\"https:\/\/alletheorieboeken.be\/fr\/?s={search_term_string}\"},\"query-input\":{\"@type\":\"PropertyValueSpecification\",\"valueRequired\":true,\"valueName\":\"search_term_string\"}}],\"inLanguage\":\"fr-FR\"},{\"@type\":\"Organization\",\"@id\":\"https:\/\/alletheorieboeken.be\/fr\/#organization\",\"name\":\"alletheorieboeken.be\",\"url\":\"https:\/\/alletheorieboeken.be\/fr\/\",\"logo\":{\"@type\":\"ImageObject\",\"inLanguage\":\"fr-FR\",\"@id\":\"https:\/\/alletheorieboeken.be\/fr\/#\/schema\/logo\/image\/\",\"url\":\"https:\/\/alletheorieboeken.be\/wp-content\/uploads\/2021\/03\/ATB.be-logo-2020-ZB.svg\",\"contentUrl\":\"https:\/\/alletheorieboeken.be\/wp-content\/uploads\/2021\/03\/ATB.be-logo-2020-ZB.svg\",\"width\":1024,\"height\":1024,\"caption\":\"alletheorieboeken.be\"},\"image\":{\"@id\":\"https:\/\/alletheorieboeken.be\/fr\/#\/schema\/logo\/image\/\"},\"sameAs\":[\"https:\/\/nl-nl.facebook.com\/pages\/Alletheorieboekennl\/243542295657997\",\"https:\/\/www.instagram.com\/alletheorieboeken.nl\/\"]}]}<\/script>\n<!-- \/ Yoast SEO plugin. -->","yoast_head_json":{"title":"Guide th\u00e9orique permis C + D - Alletheorieboeken","description":"Manuel theoorique pour les permis C et D s'adresse \u00c3 toute personne souhaitant obtenir un permis de conduire C1, C, D1 ou D. Pour l'examen th\u00c3\u00a9orique sur le code de la route.","robots":{"index":"index","follow":"follow","max-snippet":"max-snippet:-1","max-image-preview":"max-image-preview:large","max-video-preview":"max-video-preview:-1"},"canonical":"https:\/\/alletheorieboeken.be\/fr\/produit\/guide-theorique-permis-de-conduire-c-d\/","og_locale":"fr_FR","og_type":"article","og_title":"Guide th\u00e9orique permis C + D - Alletheorieboeken","og_description":"Manuel theoorique pour les permis C et D s'adresse \u00c3 toute personne souhaitant obtenir un permis de conduire C1, C, D1 ou D. Pour l'examen th\u00c3\u00a9orique sur le code de la route.","og_url":"https:\/\/alletheorieboeken.be\/fr\/produit\/guide-theorique-permis-de-conduire-c-d\/","og_site_name":"Alletheorieboeken.be","article_publisher":"https:\/\/nl-nl.facebook.com\/pages\/Alletheorieboekennl\/243542295657997","article_modified_time":"2026-01-21T13:23:54+00:00","og_image":[{"width":940,"height":587,"url":"https:\/\/alletheorieboeken.be\/wp-content\/uploads\/2021\/03\/cd_cover_1.jpg","type":"image\/jpeg"}],"twitter_card":"summary_large_image","twitter_misc":{"Dur\u00e9e de lecture estim\u00e9e":"3 minutes"},"schema":{"@context":"https:\/\/schema.org","@graph":[{"@type":"WebPage","@id":"https:\/\/alletheorieboeken.be\/fr\/produit\/guide-theorique-permis-de-conduire-c-d\/","url":"https:\/\/alletheorieboeken.be\/fr\/produit\/guide-theorique-permis-de-conduire-c-d\/","name":"Guide th\u00e9orique permis C + D - Alletheorieboeken","isPartOf":{"@id":"https:\/\/alletheorieboeken.be\/fr\/#website"},"primaryImageOfPage":{"@id":"https:\/\/alletheorieboeken.be\/fr\/produit\/guide-theorique-permis-de-conduire-c-d\/#primaryimage"},"image":{"@id":"https:\/\/alletheorieboeken.be\/fr\/produit\/guide-theorique-permis-de-conduire-c-d\/#primaryimage"},"thumbnailUrl":"https:\/\/alletheorieboeken.be\/wp-content\/uploads\/2021\/03\/cd_cover_1.jpg","datePublished":"2021-03-04T10:47:36+00:00","dateModified":"2026-01-21T13:23:54+00:00","description":"Manuel theoorique pour les permis C et D s'adresse \u00c3 toute personne souhaitant obtenir un permis de conduire C1, C, D1 ou D. Pour l'examen th\u00c3\u00a9orique sur le code de la route.","breadcrumb":{"@id":"https:\/\/alletheorieboeken.be\/fr\/produit\/guide-theorique-permis-de-conduire-c-d\/#breadcrumb"},"inLanguage":"fr-FR","potentialAction":[{"@type":"ReadAction","target":["https:\/\/alletheorieboeken.be\/fr\/produit\/guide-theorique-permis-de-conduire-c-d\/"]}]},{"@type":"ImageObject","inLanguage":"fr-FR","@id":"https:\/\/alletheorieboeken.be\/fr\/produit\/guide-theorique-permis-de-conduire-c-d\/#primaryimage","url":"https:\/\/alletheorieboeken.be\/wp-content\/uploads\/2021\/03\/cd_cover_1.jpg","contentUrl":"https:\/\/alletheorieboeken.be\/wp-content\/uploads\/2021\/03\/cd_cover_1.jpg","width":940,"height":587,"caption":"Aptitude Professionnelle D"},{"@type":"BreadcrumbList","@id":"https:\/\/alletheorieboeken.be\/fr\/produit\/guide-theorique-permis-de-conduire-c-d\/#breadcrumb","itemListElement":[{"@type":"ListItem","position":1,"name":"Home","item":"https:\/\/alletheorieboeken.be\/fr\/"},{"@type":"ListItem","position":2,"name":"Shop","item":"https:\/\/alletheorieboeken.be\/fr\/shop\/"},{"@type":"ListItem","position":3,"name":"Guide th\u00e9orique &#8211; Permis de conduire C + D (FR)"}]},{"@type":"WebSite","@id":"https:\/\/alletheorieboeken.be\/fr\/#website","url":"https:\/\/alletheorieboeken.be\/fr\/","name":"Alletheorieboeken.be","description":"","publisher":{"@id":"https:\/\/alletheorieboeken.be\/fr\/#organization"},"potentialAction":[{"@type":"SearchAction","target":{"@type":"EntryPoint","urlTemplate":"https:\/\/alletheorieboeken.be\/fr\/?s={search_term_string}"},"query-input":{"@type":"PropertyValueSpecification","valueRequired":true,"valueName":"search_term_string"}}],"inLanguage":"fr-FR"},{"@type":"Organization","@id":"https:\/\/alletheorieboeken.be\/fr\/#organization","name":"alletheorieboeken.be","url":"https:\/\/alletheorieboeken.be\/fr\/","logo":{"@type":"ImageObject","inLanguage":"fr-FR","@id":"https:\/\/alletheorieboeken.be\/fr\/#\/schema\/logo\/image\/","url":"https:\/\/alletheorieboeken.be\/wp-content\/uploads\/2021\/03\/ATB.be-logo-2020-ZB.svg","contentUrl":"https:\/\/alletheorieboeken.be\/wp-content\/uploads\/2021\/03\/ATB.be-logo-2020-ZB.svg","width":1024,"height":1024,"caption":"alletheorieboeken.be"},"image":{"@id":"https:\/\/alletheorieboeken.be\/fr\/#\/schema\/logo\/image\/"},"sameAs":["https:\/\/nl-nl.facebook.com\/pages\/Alletheorieboekennl\/243542295657997","https:\/\/www.instagram.com\/alletheorieboeken.nl\/"]}]}},"_links":{"self":[{"href":"https:\/\/alletheorieboeken.be\/fr\/wp-json\/wp\/v2\/product\/9234","targetHints":{"allow":["GET"]}}],"collection":[{"href":"https:\/\/alletheorieboeken.be\/fr\/wp-json\/wp\/v2\/product"}],"about":[{"href":"https:\/\/alletheorieboeken.be\/fr\/wp-json\/wp\/v2\/types\/product"}],"replies":[{"embeddable":true,"href":"https:\/\/alletheorieboeken.be\/fr\/wp-json\/wp\/v2\/comments?post=9234"}],"wp:featuredmedia":[{"embeddable":true,"href":"https:\/\/alletheorieboeken.be\/fr\/wp-json\/wp\/v2\/media\/10276"}],"wp:attachment":[{"href":"https:\/\/alletheorieboeken.be\/fr\/wp-json\/wp\/v2\/media?parent=9234"}],"wp:term":[{"taxonomy":"product_brand","embeddable":true,"href":"https:\/\/alletheorieboeken.be\/fr\/wp-json\/wp\/v2\/product_brand?post=9234"},{"taxonomy":"product_cat","embeddable":true,"href":"https:\/\/alletheorieboeken.be\/fr\/wp-json\/wp\/v2\/product_cat?post=9234"},{"taxonomy":"product_tag","embeddable":true,"href":"https:\/\/alletheorieboeken.be\/fr\/wp-json\/wp\/v2\/product_tag?post=9234"}],"curies":[{"name":"wp","href":"https:\/\/api.w.org\/{rel}","templated":true}]}}